{"id":127,"date":"2023-06-27T12:42:55","date_gmt":"2023-06-27T12:42:55","guid":{"rendered":"http:\/\/wordpress.p646551.webspaceconfig.de\/?page_id=127"},"modified":"2025-01-09T14:43:12","modified_gmt":"2025-01-09T14:43:12","slug":"industrie","status":"publish","type":"page","link":"https:\/\/www.addhelix.com\/en\/industrie\/","title":{"rendered":"For the logistics of manufacturers"},"content":{"rendered":"<div class=\"wp-block-cover alignfull\" style=\"min-height:25vw;aspect-ratio:unset;\"><span aria-hidden=\"true\" class=\"wp-block-cover__background has-contrast-background-color has-background-dim-20 has-background-dim\"><\/span><img loading=\"lazy\" decoding=\"async\" width=\"2560\" height=\"1707\" src=\"https:\/\/www.addhelix.com\/wp-content\/uploads\/2023\/09\/AdobeStock_325535574-scaled.jpeg\" class=\"wp-block-cover__image-background wp-post-image\" alt=\"\" data-object-fit=\"cover\" data-object-position=\"27% 6%\" style=\"object-position:27% 6%;\" srcset=\"https:\/\/www.addhelix.com\/wp-content\/uploads\/2023\/09\/AdobeStock_325535574-scaled.jpeg 2560w, https:\/\/www.addhelix.com\/wp-content\/uploads\/2023\/09\/AdobeStock_325535574-300x200.jpeg 300w, https:\/\/www.addhelix.com\/wp-content\/uploads\/2023\/09\/AdobeStock_325535574-1024x683.jpeg 1024w, https:\/\/www.addhelix.com\/wp-content\/uploads\/2023\/09\/AdobeStock_325535574-768x512.jpeg 768w, https:\/\/www.addhelix.com\/wp-content\/uploads\/2023\/09\/AdobeStock_325535574-1536x1024.jpeg 1536w, https:\/\/www.addhelix.com\/wp-content\/uploads\/2023\/09\/AdobeStock_325535574-2048x1365.jpeg 2048w\" sizes=\"auto, (max-width: 2560px) 100vw, 2560px\" \/><div class=\"wp-block-cover__inner-container is-layout-flow wp-block-cover-is-layout-flow\"><h1 class=\"has-text-align-center wp-block-post-title\">For the logistics of manufacturers<\/h1><\/div><\/div>\n\n\n\n<div class=\"wp-block-columns has-large-font-size is-layout-flex wp-container-core-columns-is-layout-f24b2f23 wp-block-columns-is-layout-flex\" style=\"padding-top:var(--wp--preset--spacing--80);padding-bottom:var(--wp--preset--spacing--80)\">\n<div class=\"wp-block-column is-layout-flow wp-block-column-is-layout-flow\">\n<p>Manufacturing companies face unique logistical challenges when it comes to just-in-time delivery.<\/p>\n\n\n\n<p>The web-based solutions from addHelix, a brand of Axians ICT Austria, enable you to optimize the availability of your resources and the utilization of your fleet.<\/p>\n<\/div>\n\n\n\n<div class=\"wp-block-column is-layout-flow wp-block-column-is-layout-flow\">\n<p>With intelligent route planning, you can minimize empty runs and maximize the efficiency of your deliveries. Intelligent data management simplifies communication and AI-based forecasts simplify decision-making.<\/p>\n\n\n\n<p>Not only do your goods arrive punctually and reliably, our services also shorten delivery times to save time and costs.<\/p>\n<\/div>\n<\/div>\n\n\n\n<div class=\"wp-block-group alignfull has-base-color has-vivid-cyan-blue-to-vivid-purple-gradient-background has-text-color has-background is-layout-flow wp-block-group-is-layout-flow\" style=\"padding-top:var(--wp--preset--spacing--80);padding-bottom:var(--wp--preset--spacing--80)\">\n<div class=\"wp-block-group has-global-padding is-layout-constrained wp-container-core-group-is-layout-fac89d76 wp-block-group-is-layout-constrained\" style=\"padding-top:var(--wp--preset--spacing--80);padding-bottom:var(--wp--preset--spacing--80)\">\n<div class=\"wp-block-group has-global-padding is-layout-constrained wp-container-core-group-is-layout-19e250f3 wp-block-group-is-layout-constrained\">\n<h2 class=\"wp-block-heading has-text-align-center has-xx-large-font-size\" id=\"h-addhelix-fur-die-industrie-und-hersteller\">addHelix for industry and manufacturers<\/h2>\n<\/div>\n\n\n\n<div class=\"wp-block-columns is-layout-flex wp-container-core-columns-is-layout-cf05694f wp-block-columns-is-layout-flex\">\n<div class=\"wp-block-column is-layout-flow wp-block-column-is-layout-flow\">\n<p>Transportation and logistics are significant cost factors for manufacturing companies. That is why we offer a comprehensive solution to reduce these costs, meet legal requirements and plan punctual logistics.<\/p>\n<\/div>\n\n\n\n<div class=\"wp-block-column is-layout-flow wp-block-column-is-layout-flow\">\n<p>With the online services from addHelix, you can plan your tours more efficiently and make optimum use of your fleet. Check and manage verified addresses, plan tours and facilitate automated notification.<\/p>\n<\/div>\n\n\n\n<div class=\"wp-block-column is-layout-flow wp-block-column-is-layout-flow\">\n<p>Our web solutions keep your supply chain running smoothly on the road, ensuring that your products reach your customers on time, cost-effectively and in compliance with all regulations.<\/p>\n<\/div>\n<\/div>\n\n\n\n<div class=\"wp-block-buttons is-layout-flex wp-block-buttons-is-layout-flex\">\n<div class=\"wp-block-button is-style-fill\" style=\"text-transform:uppercase\"><a class=\"wp-block-button__link has-primary-color has-base-background-color has-text-color has-background wp-element-button\" href=\"https:\/\/www.addhelix.com\/en\/kontakt\/\">Contact us!<\/a><\/div>\n<\/div>\n<\/div>\n<\/div>\n\n\n\n<div class=\"wp-block-cover alignfull is-light has-parallax\" style=\"margin-top:0;margin-bottom:0;min-height:50vh;aspect-ratio:unset;\"><span aria-hidden=\"true\" class=\"wp-block-cover__background has-background-dim\"><\/span><div class=\"wp-block-cover__image-background wp-image-1364 has-parallax\" style=\"background-position:50% 50%;background-image:url(https:\/\/www.addhelix.com\/wp-content\/uploads\/2023\/09\/addHelix-Logistik-optimieren-Roadrunner-Tourenplanung-Filiallogistik-scaled.jpg)\"><\/div><div class=\"wp-block-cover__inner-container has-global-padding is-layout-constrained wp-block-cover-is-layout-constrained\">\n<p class=\"has-text-align-center has-large-font-size\"><\/p>\n<\/div><\/div>\n\n\n\n<div class=\"wp-block-group alignfull has-global-padding is-layout-constrained wp-container-core-group-is-layout-51f92bee wp-block-group-is-layout-constrained has-background\" style=\"margin-top:var(--wp--preset--spacing--80);margin-bottom:var(--wp--preset--spacing--80);padding-top:var(--wp--preset--spacing--80);padding-bottom:var(--wp--preset--spacing--80);background-image:url(&apos;https:\/\/www.addhelix.com\/wp-content\/uploads\/2024\/08\/Helix.png&apos;);background-position:0% 50%;background-repeat:no-repeat;background-size:contain;\">\n<div class=\"wp-block-group has-global-padding is-layout-constrained wp-block-group-is-layout-constrained\">\n<h2 class=\"wp-block-heading has-text-align-center\" id=\"h-warum-addhelix-fur-produzierende-unternehmen\" style=\"margin-top:0;margin-bottom:0\">Why addHelix for manufacturing companies?<\/h2>\n<\/div>\n\n\n\n<div class=\"wp-block-columns is-layout-flex wp-container-core-columns-is-layout-28f84493 wp-block-columns-is-layout-flex\">\n<div class=\"wp-block-column is-layout-flow wp-block-column-is-layout-flow\" style=\"padding-top:var(--wp--preset--spacing--80);padding-right:var(--wp--preset--spacing--30);padding-bottom:var(--wp--preset--spacing--80);padding-left:var(--wp--preset--spacing--30)\">\n<div class=\"wp-block-group has-global-padding is-layout-constrained wp-container-core-group-is-layout-639b5052 wp-block-group-is-layout-constrained\" style=\"min-height:100%;padding-top:0;padding-right:0;padding-bottom:0;padding-left:0\">\n<h3 class=\"wp-block-heading has-text-align-left has-large-font-size translation-block\" id=\"h-kosten-co-2-und-zeit-einsparen\" style=\"line-height:1.1\">Save costs, CO<sub>2<\/sub> and time<\/h3>\n\n\n\n<p class=\"has-text-align-left translation-block\">We focus on fuel efficiency and environmental friendliness by reducing fuel consumption and minimizing CO<sub>2<\/sub> emissions with sustainable route planning.<\/p>\n<\/div>\n<\/div>\n\n\n\n<div class=\"wp-block-column is-layout-flow wp-block-column-is-layout-flow\" style=\"padding-top:var(--wp--preset--spacing--80);padding-right:var(--wp--preset--spacing--30);padding-bottom:var(--wp--preset--spacing--80);padding-left:var(--wp--preset--spacing--30)\">\n<div class=\"wp-block-group has-global-padding is-layout-constrained wp-container-core-group-is-layout-639b5052 wp-block-group-is-layout-constrained\" style=\"min-height:100%;padding-top:0;padding-right:0;padding-bottom:0;padding-left:0\">\n<h3 class=\"wp-block-heading has-text-align-left has-large-font-size\" id=\"h-gesetzkonformes-supply-chain-management\" style=\"line-height:1.1\">Legally compliant supply chain management<\/h3>\n\n\n\n<p class=\"has-text-align-left\">We help you to meet regulatory requirements. We seamlessly integrate route planning into your production processes to manage the complexity of your supply chain.<\/p>\n<\/div>\n<\/div>\n\n\n\n<div class=\"wp-block-column is-layout-flow wp-block-column-is-layout-flow\" style=\"padding-top:var(--wp--preset--spacing--80);padding-right:var(--wp--preset--spacing--30);padding-bottom:var(--wp--preset--spacing--80);padding-left:var(--wp--preset--spacing--30)\">\n<div class=\"wp-block-group has-global-padding is-layout-constrained wp-container-core-group-is-layout-639b5052 wp-block-group-is-layout-constrained\" style=\"min-height:100%;padding-top:0;padding-right:0;padding-bottom:0;padding-left:0\">\n<h3 class=\"wp-block-heading has-text-align-left has-large-font-size\" id=\"h-effizienz-in-der-laderaumauslastung\" style=\"line-height:1.1\">Efficiency in loading space utilization<\/h3>\n\n\n\n<p class=\"has-text-align-left\">Our web solutions maximize loading space efficiency to increase the utilization of your vehicles and enable effective networking and real-time control of your entire fleet.<\/p>\n<\/div>\n<\/div>\n<\/div>\n<\/div>\n\n\n\n<div class=\"wp-block-group alignfull has-base-color has-text-color has-background has-global-padding is-layout-constrained wp-container-core-group-is-layout-a47e864c wp-block-group-is-layout-constrained\" style=\"background:linear-gradient(224deg,rgb(65,192,240) 0%,rgb(162,0,103) 100%);padding-top:var(--wp--preset--spacing--80);padding-right:var(--wp--preset--spacing--50);padding-bottom:var(--wp--preset--spacing--80);padding-left:var(--wp--preset--spacing--50)\">\n<div class=\"wp-block-group has-global-padding is-layout-constrained wp-container-core-group-is-layout-fac89d76 wp-block-group-is-layout-constrained\" style=\"padding-top:var(--wp--preset--spacing--80);padding-bottom:var(--wp--preset--spacing--80)\">\n<div class=\"wp-block-group has-global-padding is-layout-constrained wp-container-core-group-is-layout-5a30f31b wp-block-group-is-layout-constrained\">\n<h2 class=\"wp-block-heading\" id=\"h-sie-sind-bereit-ihre-logistik-mit-addhelix-zu-revolutionieren\">Are you ready to revolutionize your logistics with addHelix?<\/h2>\n\n\n\n<p>Increase efficiency with the right online solutions and reduce costs, workload and uncertainty.<\/p>\n<\/div>\n\n\n\n<div class=\"wp-block-buttons is-layout-flex wp-block-buttons-is-layout-flex\">\n<div class=\"wp-block-button is-style-fill\" style=\"text-transform:uppercase\"><a class=\"wp-block-button__link has-secondary-color has-white-background-color has-text-color has-background wp-element-button\" href=\"https:\/\/www.addhelix.com\/en\/kontakt\/\">Get in touch with us!<\/a><\/div>\n<\/div>\n<\/div>\n<\/div>","protected":false},"excerpt":{"rendered":"<p>Produzierende Unternehmen stehen vor einzigartigen, logistischen Herausforderungen, wenn Just-in-Time geliefert werden soll. Die webbasierten L\u00f6sungen von addHelix, einer Marke von Axians ICT Austria, erm\u00f6glichen es Ihnen, die Verf\u00fcgbarkeit Ihrer Ressourcen und die Auslastung Ihres Fuhrparks zu optimieren. Mit intelligenter Tourenplanung minimieren Sie Leerfahrten und maximieren die Effizienz Ihrer Lieferungen. Intelligentes Data-Management vereinfacht die Kommunikation und [&hellip;]<\/p>\n","protected":false},"author":1,"featured_media":840,"parent":0,"menu_order":0,"comment_status":"closed","ping_status":"closed","template":"","meta":{"_acf_changed":false,"content-type":"","inline_featured_image":false,"footnotes":""},"class_list":["post-127","page","type-page","status-publish","has-post-thumbnail","hentry"],"acf":[],"_links":{"self":[{"href":"https:\/\/www.addhelix.com\/en\/wp-json\/wp\/v2\/pages\/127","targetHints":{"allow":["GET"]}}],"collection":[{"href":"https:\/\/www.addhelix.com\/en\/wp-json\/wp\/v2\/pages"}],"about":[{"href":"https:\/\/www.addhelix.com\/en\/wp-json\/wp\/v2\/types\/page"}],"author":[{"embeddable":true,"href":"https:\/\/www.addhelix.com\/en\/wp-json\/wp\/v2\/users\/1"}],"replies":[{"embeddable":true,"href":"https:\/\/www.addhelix.com\/en\/wp-json\/wp\/v2\/comments?post=127"}],"version-history":[{"count":117,"href":"https:\/\/www.addhelix.com\/en\/wp-json\/wp\/v2\/pages\/127\/revisions"}],"predecessor-version":[{"id":3801,"href":"https:\/\/www.addhelix.com\/en\/wp-json\/wp\/v2\/pages\/127\/revisions\/3801"}],"wp:featuredmedia":[{"embeddable":true,"href":"https:\/\/www.addhelix.com\/en\/wp-json\/wp\/v2\/media\/840"}],"wp:attachment":[{"href":"https:\/\/www.addhelix.com\/en\/wp-json\/wp\/v2\/media?parent=127"}],"curies":[{"name":"wp","href":"https:\/\/api.w.org\/{rel}","templated":true}]}}