{"id":157,"date":"2023-07-08T08:48:48","date_gmt":"2023-07-08T08:48:48","guid":{"rendered":"http:\/\/wordpress.p646551.webspaceconfig.de\/?page_id=157"},"modified":"2024-10-22T09:38:13","modified_gmt":"2024-10-22T09:38:13","slug":"maps-data","status":"publish","type":"page","link":"https:\/\/www.addhelix.com\/en\/maps-data\/","title":{"rendered":"Maps &#038; Data"},"content":{"rendered":"<div class=\"wp-block-cover alignfull is-style-default\" style=\"min-height:25vw;aspect-ratio:unset;\"><span aria-hidden=\"true\" class=\"wp-block-cover__background has-contrast-background-color has-background-dim\"><\/span><img loading=\"lazy\" decoding=\"async\" width=\"1536\" height=\"600\" src=\"https:\/\/www.addhelix.com\/wp-content\/uploads\/2024\/08\/iMaps_Data_Header_ah_iSt_1402863436.png\" class=\"wp-block-cover__image-background wp-post-image\" alt=\"\" data-object-fit=\"cover\" srcset=\"https:\/\/www.addhelix.com\/wp-content\/uploads\/2024\/08\/iMaps_Data_Header_ah_iSt_1402863436.png 1536w, https:\/\/www.addhelix.com\/wp-content\/uploads\/2024\/08\/iMaps_Data_Header_ah_iSt_1402863436-300x117.png 300w, https:\/\/www.addhelix.com\/wp-content\/uploads\/2024\/08\/iMaps_Data_Header_ah_iSt_1402863436-1024x400.png 1024w, https:\/\/www.addhelix.com\/wp-content\/uploads\/2024\/08\/iMaps_Data_Header_ah_iSt_1402863436-768x300.png 768w\" sizes=\"auto, (max-width: 1536px) 100vw, 1536px\" \/><div class=\"wp-block-cover__inner-container is-layout-flow wp-block-cover-is-layout-flow\">\n<h1 class=\"wp-block-heading has-text-align-center has-xxx-large-font-size\">Maps &amp; Data Services<\/h1>\n<\/div><\/div>\n\n\n\n<div class=\"wp-block-group has-large-font-size has-global-padding is-layout-constrained wp-block-group-is-layout-constrained\" style=\"margin-top:var(--wp--preset--spacing--80);margin-bottom:var(--wp--preset--spacing--80)\">\n<p>In the demanding world of logistics and delivery services, new challenges such as heavy traffic, construction sites and geographical features such as mountain passes, multiple route stops and the planning of complex supply chains with many players have to be mastered on a daily basis. With the web-based services from addHelix, you can react quickly and flexibly from any end device and master your logistics requirements with route planning, comprehensive traffic data, real-time data, map visualisation and digital data management.<\/p>\n\n\n\n<p>With \u2018Maps &amp; Data\u2019 from addHelix, you can plan efficient routes and challenging last-mile deliveries, even with an API connection - economically and efficiently.<\/p>\n<\/div>\n\n\n\n<div class=\"wp-block-group has-global-padding is-layout-constrained wp-container-core-group-is-layout-462abad2 wp-block-group-is-layout-constrained\" style=\"margin-top:var(--wp--preset--spacing--80);margin-bottom:var(--wp--preset--spacing--80);padding-top:var(--wp--preset--spacing--80);padding-bottom:var(--wp--preset--spacing--80)\">\n<div class=\"wp-block-group has-global-padding is-layout-constrained wp-block-group-is-layout-constrained\">\n<h2 class=\"wp-block-heading has-text-align-center\" id=\"h-unsere-services\">Our services<\/h2>\n\n\n\n<div style=\"height:12px\" aria-hidden=\"true\" class=\"wp-block-spacer\"><\/div>\n\n\n\n<div class=\"wp-block-group is-style-grid is-nowrap is-layout-flex wp-container-core-group-is-layout-877c468d wp-block-group-is-layout-flex\">    \r\n\r\n    <a href=\"https:\/\/www.addhelix.com\/en\/services\/data-max\/\" class=\"block  block--usecase\">\r\n\r\n        <div class=\"block__media\">\r\n            <img loading=\"lazy\" decoding=\"async\" width=\"1024\" height=\"683\" src=\"https:\/\/www.addhelix.com\/wp-content\/uploads\/2023\/12\/iStock-1307122916_Website-1024x683.jpg\" class=\"attachment-large size-large wp-post-image\" alt=\"\" srcset=\"https:\/\/www.addhelix.com\/wp-content\/uploads\/2023\/12\/iStock-1307122916_Website-1024x683.jpg 1024w, https:\/\/www.addhelix.com\/wp-content\/uploads\/2023\/12\/iStock-1307122916_Website-300x200.jpg 300w, https:\/\/www.addhelix.com\/wp-content\/uploads\/2023\/12\/iStock-1307122916_Website-768x512.jpg 768w, https:\/\/www.addhelix.com\/wp-content\/uploads\/2023\/12\/iStock-1307122916_Website-1536x1024.jpg 1536w, https:\/\/www.addhelix.com\/wp-content\/uploads\/2023\/12\/iStock-1307122916_Website-2048x1366.jpg 2048w\" sizes=\"auto, (max-width: 1024px) 100vw, 1024px\" \/>        <\/div>\r\n\r\n        <div class=\"block__content\">\r\n            <h3 class=\"block__title\">Data Max<\/h3>\r\n            <div class=\"block__description\">\r\n                Improve your data supply chain by merging all your data with Data Max.            <\/div>\r\n        <\/div>\r\n\r\n    <\/a>\r\n\r\n\n\n    \r\n\r\n    <a href=\"https:\/\/www.addhelix.com\/en\/services\/point-of-interest\/\" class=\"block  block--usecase\">\r\n\r\n        <div class=\"block__media\">\r\n            <img loading=\"lazy\" decoding=\"async\" width=\"1024\" height=\"683\" src=\"https:\/\/www.addhelix.com\/wp-content\/uploads\/2023\/11\/Points-of-interest_2650x1707-1024x683.jpg\" class=\"attachment-large size-large wp-post-image\" alt=\"Points of Interest\" srcset=\"https:\/\/www.addhelix.com\/wp-content\/uploads\/2023\/11\/Points-of-interest_2650x1707-1024x683.jpg 1024w, https:\/\/www.addhelix.com\/wp-content\/uploads\/2023\/11\/Points-of-interest_2650x1707-300x200.jpg 300w, https:\/\/www.addhelix.com\/wp-content\/uploads\/2023\/11\/Points-of-interest_2650x1707-768x512.jpg 768w, https:\/\/www.addhelix.com\/wp-content\/uploads\/2023\/11\/Points-of-interest_2650x1707-1536x1024.jpg 1536w, https:\/\/www.addhelix.com\/wp-content\/uploads\/2023\/11\/Points-of-interest_2650x1707-2048x1366.jpg 2048w\" sizes=\"auto, (max-width: 1024px) 100vw, 1024px\" \/>        <\/div>\r\n\r\n        <div class=\"block__content\">\r\n            <h3 class=\"block__title\">Point of Interest<\/h3>\r\n            <div class=\"block__description\">\r\n                Improve your route planning with intelligent management of points of interest (POI).            <\/div>\r\n        <\/div>\r\n\r\n    <\/a>\r\n\r\n\n\n    \r\n\r\n    <a href=\"https:\/\/www.addhelix.com\/en\/services\/traffic-data\/\" class=\"block  block--usecase\">\r\n\r\n        <div class=\"block__media\">\r\n            <img loading=\"lazy\" decoding=\"async\" width=\"1024\" height=\"683\" src=\"https:\/\/www.addhelix.com\/wp-content\/uploads\/2023\/12\/Traffic_Data-1024x683.jpg\" class=\"attachment-large size-large wp-post-image\" alt=\"\" srcset=\"https:\/\/www.addhelix.com\/wp-content\/uploads\/2023\/12\/Traffic_Data-1024x683.jpg 1024w, https:\/\/www.addhelix.com\/wp-content\/uploads\/2023\/12\/Traffic_Data-300x200.jpg 300w, https:\/\/www.addhelix.com\/wp-content\/uploads\/2023\/12\/Traffic_Data-768x512.jpg 768w, https:\/\/www.addhelix.com\/wp-content\/uploads\/2023\/12\/Traffic_Data-1536x1024.jpg 1536w, https:\/\/www.addhelix.com\/wp-content\/uploads\/2023\/12\/Traffic_Data-2048x1366.jpg 2048w\" sizes=\"auto, (max-width: 1024px) 100vw, 1024px\" \/>        <\/div>\r\n\r\n        <div class=\"block__content\">\r\n            <h3 class=\"block__title\">Traffic Data<\/h3>\r\n            <div class=\"block__description\">\r\n                Make better decisions with historical and real-time traffic data from Traffic Data.            <\/div>\r\n        <\/div>\r\n\r\n    <\/a>\r\n\r\n\n\n    \r\n\r\n    <a href=\"https:\/\/www.addhelix.com\/en\/services\/lbase-api-service\/\" class=\"block  block--usecase\">\r\n\r\n        <div class=\"block__media\">\r\n            <img loading=\"lazy\" decoding=\"async\" width=\"1024\" height=\"683\" src=\"https:\/\/www.addhelix.com\/wp-content\/uploads\/2023\/12\/vecteezy_API_18769688_2560x1707-1024x683.png\" class=\"attachment-large size-large wp-post-image\" alt=\"\" srcset=\"https:\/\/www.addhelix.com\/wp-content\/uploads\/2023\/12\/vecteezy_API_18769688_2560x1707-1024x683.png 1024w, https:\/\/www.addhelix.com\/wp-content\/uploads\/2023\/12\/vecteezy_API_18769688_2560x1707-300x200.png 300w, https:\/\/www.addhelix.com\/wp-content\/uploads\/2023\/12\/vecteezy_API_18769688_2560x1707-768x512.png 768w, https:\/\/www.addhelix.com\/wp-content\/uploads\/2023\/12\/vecteezy_API_18769688_2560x1707-1536x1024.png 1536w, https:\/\/www.addhelix.com\/wp-content\/uploads\/2023\/12\/vecteezy_API_18769688_2560x1707-2048x1366.png 2048w\" sizes=\"auto, (max-width: 1024px) 100vw, 1024px\" \/>        <\/div>\r\n\r\n        <div class=\"block__content\">\r\n            <h3 class=\"block__title\">lbase API-Service<\/h3>\r\n            <div class=\"block__description\">\r\n                Always use the latest services with the lbase API service - in the cloud or on-premise.            <\/div>\r\n        <\/div>\r\n\r\n    <\/a>\r\n\r\n\n\n    \r\n\r\n    <a href=\"https:\/\/www.addhelix.com\/en\/services\/lbase-generic-interface\/\" class=\"block  block--usecase\">\r\n\r\n        <div class=\"block__media\">\r\n            <img loading=\"lazy\" decoding=\"async\" width=\"1024\" height=\"683\" src=\"https:\/\/www.addhelix.com\/wp-content\/uploads\/2023\/12\/Generic_Interface_iSt_929361172_2560x1707_final-1024x683.jpg\" class=\"attachment-large size-large wp-post-image\" alt=\"\" srcset=\"https:\/\/www.addhelix.com\/wp-content\/uploads\/2023\/12\/Generic_Interface_iSt_929361172_2560x1707_final-1024x683.jpg 1024w, https:\/\/www.addhelix.com\/wp-content\/uploads\/2023\/12\/Generic_Interface_iSt_929361172_2560x1707_final-300x200.jpg 300w, https:\/\/www.addhelix.com\/wp-content\/uploads\/2023\/12\/Generic_Interface_iSt_929361172_2560x1707_final-768x512.jpg 768w, https:\/\/www.addhelix.com\/wp-content\/uploads\/2023\/12\/Generic_Interface_iSt_929361172_2560x1707_final-1536x1024.jpg 1536w, https:\/\/www.addhelix.com\/wp-content\/uploads\/2023\/12\/Generic_Interface_iSt_929361172_2560x1707_final-2048x1366.jpg 2048w, https:\/\/www.addhelix.com\/wp-content\/uploads\/2023\/12\/Generic_Interface_iSt_929361172_2560x1707_final-18x12.jpg 18w\" sizes=\"auto, (max-width: 1024px) 100vw, 1024px\" \/>        <\/div>\r\n\r\n        <div class=\"block__content\">\r\n            <h3 class=\"block__title\">lbase Generic Interface<\/h3>\r\n            <div class=\"block__description\">\r\n                Reduce the workload of your employees through efficient workflows with the lbase Generic Interface.            <\/div>\r\n        <\/div>\r\n\r\n    <\/a>\r\n\r\n\n\n    \r\n\r\n    <a href=\"https:\/\/www.addhelix.com\/en\/services\/credit-connect\/\" class=\"block  block--usecase\">\r\n\r\n        <div class=\"block__media\">\r\n            <img loading=\"lazy\" decoding=\"async\" width=\"1024\" height=\"683\" src=\"https:\/\/www.addhelix.com\/wp-content\/uploads\/2023\/12\/Test_Shark_CredtiConnect-1-1024x683.jpg\" class=\"attachment-large size-large wp-post-image\" alt=\"\" srcset=\"https:\/\/www.addhelix.com\/wp-content\/uploads\/2023\/12\/Test_Shark_CredtiConnect-1-1024x683.jpg 1024w, https:\/\/www.addhelix.com\/wp-content\/uploads\/2023\/12\/Test_Shark_CredtiConnect-1-300x200.jpg 300w, https:\/\/www.addhelix.com\/wp-content\/uploads\/2023\/12\/Test_Shark_CredtiConnect-1-768x512.jpg 768w, https:\/\/www.addhelix.com\/wp-content\/uploads\/2023\/12\/Test_Shark_CredtiConnect-1-1536x1024.jpg 1536w, https:\/\/www.addhelix.com\/wp-content\/uploads\/2023\/12\/Test_Shark_CredtiConnect-1-2048x1366.jpg 2048w\" sizes=\"auto, (max-width: 1024px) 100vw, 1024px\" \/>        <\/div>\r\n\r\n        <div class=\"block__content\">\r\n            <h3 class=\"block__title\">Credit Connect<\/h3>\r\n            <div class=\"block__description\">\r\n                Increase your business security with the reliable credit check from Credit Connect.            <\/div>\r\n        <\/div>\r\n\r\n    <\/a>\r\n\r\n\n\n    \r\n\r\n    <a href=\"https:\/\/www.addhelix.com\/en\/services\/mapping\/\" class=\"block  block--usecase\">\r\n\r\n        <div class=\"block__media\">\r\n            <img loading=\"lazy\" decoding=\"async\" width=\"1024\" height=\"683\" src=\"https:\/\/www.addhelix.com\/wp-content\/uploads\/2024\/04\/iStock-642784850_2560x1707-1024x683.jpg\" class=\"attachment-large size-large wp-post-image\" alt=\"\" srcset=\"https:\/\/www.addhelix.com\/wp-content\/uploads\/2024\/04\/iStock-642784850_2560x1707-1024x683.jpg 1024w, https:\/\/www.addhelix.com\/wp-content\/uploads\/2024\/04\/iStock-642784850_2560x1707-300x200.jpg 300w, https:\/\/www.addhelix.com\/wp-content\/uploads\/2024\/04\/iStock-642784850_2560x1707-768x512.jpg 768w, https:\/\/www.addhelix.com\/wp-content\/uploads\/2024\/04\/iStock-642784850_2560x1707-1536x1024.jpg 1536w, https:\/\/www.addhelix.com\/wp-content\/uploads\/2024\/04\/iStock-642784850_2560x1707-2048x1366.jpg 2048w\" sizes=\"auto, (max-width: 1024px) 100vw, 1024px\" \/>        <\/div>\r\n\r\n        <div class=\"block__content\">\r\n            <h3 class=\"block__title\">Mapping<\/h3>\r\n            <div class=\"block__description\">\r\n                Precise coordinates through mapping are used to transport goods and people with geographical certainty.            <\/div>\r\n        <\/div>\r\n\r\n    <\/a>\r\n\r\n\n\n    \r\n\r\n    <a href=\"https:\/\/www.addhelix.com\/en\/services\/document-generator\/\" class=\"block  block--usecase\">\r\n\r\n        <div class=\"block__media\">\r\n            <img loading=\"lazy\" decoding=\"async\" width=\"1024\" height=\"683\" src=\"https:\/\/www.addhelix.com\/wp-content\/uploads\/2024\/10\/Document_Generator_iSt_1083456966_Website-1-1024x683.jpg\" class=\"attachment-large size-large wp-post-image\" alt=\"Document Generator addhelix Webservice: Maps&amp;Data\" srcset=\"https:\/\/www.addhelix.com\/wp-content\/uploads\/2024\/10\/Document_Generator_iSt_1083456966_Website-1-1024x683.jpg 1024w, https:\/\/www.addhelix.com\/wp-content\/uploads\/2024\/10\/Document_Generator_iSt_1083456966_Website-1-300x200.jpg 300w, https:\/\/www.addhelix.com\/wp-content\/uploads\/2024\/10\/Document_Generator_iSt_1083456966_Website-1-768x512.jpg 768w, https:\/\/www.addhelix.com\/wp-content\/uploads\/2024\/10\/Document_Generator_iSt_1083456966_Website-1-1536x1024.jpg 1536w, https:\/\/www.addhelix.com\/wp-content\/uploads\/2024\/10\/Document_Generator_iSt_1083456966_Website-1-2048x1366.jpg 2048w, https:\/\/www.addhelix.com\/wp-content\/uploads\/2024\/10\/Document_Generator_iSt_1083456966_Website-1-18x12.jpg 18w\" sizes=\"auto, (max-width: 1024px) 100vw, 1024px\" \/>        <\/div>\r\n\r\n        <div class=\"block__content\">\r\n            <h3 class=\"block__title\">Document Generator<\/h3>\r\n            <div class=\"block__description\">\r\n                The creation and management of logistical documents simplify your day-to-day business.            <\/div>\r\n        <\/div>\r\n\r\n    <\/a>\r\n\r\n<\/div>\n\n\n\n<div style=\"height:48px\" aria-hidden=\"true\" class=\"wp-block-spacer\"><\/div>\n<\/div>\n<\/div>\n\n\n\n<div class=\"wp-block-group alignfull has-white-color has-text-color has-background is-layout-flow wp-block-group-is-layout-flow\" style=\"background:linear-gradient(224deg,rgb(65,192,240) 0%,rgb(162,0,103) 100%);margin-top:0;margin-bottom:0;padding-top:var(--wp--preset--spacing--60);padding-right:var(--wp--preset--spacing--60);padding-bottom:var(--wp--preset--spacing--60);padding-left:var(--wp--preset--spacing--60)\">\n<div class=\"wp-block-group has-global-padding is-layout-constrained wp-block-group-is-layout-constrained\">\n<div class=\"wp-block-columns is-layout-flex wp-container-core-columns-is-layout-f24b2f23 wp-block-columns-is-layout-flex\" style=\"padding-top:var(--wp--preset--spacing--80);padding-bottom:var(--wp--preset--spacing--80)\">\n<div class=\"wp-block-column is-layout-flow wp-container-core-column-is-layout-f751d6c2 wp-block-column-is-layout-flow\" style=\"flex-basis:75%\">\n<div class=\"wp-block-group is-vertical is-layout-flex wp-container-core-group-is-layout-c35747d5 wp-block-group-is-layout-flex\">\n<h2 class=\"wp-block-heading\" id=\"h-integrieren-sie-die-services-von-addhelix-in-ihre-bestehende-architektur\">Integrate the services of addHelix into your existing architecture!<\/h2>\n\n\n\n<p class=\"has-medium-font-size translation-block\">What sets us apart is our impressive availability and many years of expertise in the logistics industry. We know what is important and our APIs are the result of this deep understanding.<\/p>\n<\/div>\n\n\n\n<div class=\"wp-block-buttons is-layout-flex wp-block-buttons-is-layout-flex\">\n<div class=\"wp-block-button is-style-fill\"><a class=\"wp-block-button__link has-secondary-color has-white-background-color has-text-color has-background has-link-color wp-element-button\" href=\"mailto:sales@addhelix.com\" style=\"border-style:none;border-width:0px\">Contact us<\/a><\/div>\n<\/div>\n<\/div>\n\n\n\n<div class=\"wp-block-column is-layout-flow wp-block-column-is-layout-flow\" style=\"flex-basis:25%\">\n<div style=\"height:49px\" aria-hidden=\"true\" class=\"wp-block-spacer\"><\/div>\n<\/div>\n<\/div>\n<\/div>\n<\/div>","protected":false},"excerpt":{"rendered":"<p>In der fordernden Welt von Logistik und Lieferservices sind t\u00e4glich neue Herausforderungen wie starker Verkehr, Baustellen und geografische Besonderheiten wie P\u00e4sse, mehrere Routenstops, und Planung von komplexen Lieferketten mit vielen Akteuren zu bew\u00e4ltigen. Mit den webbasierten Services von addHelix k\u00f6nnen Sie schnell und von jedem Endger\u00e4t flexibel reagieren und mit Routenplanung, umfassenden Verkehrsdaten, Echtzeitdaten, Kartenvisualisierung [&hellip;]<\/p>\n","protected":false},"author":1,"featured_media":2500,"parent":0,"menu_order":0,"comment_status":"closed","ping_status":"closed","template":"","meta":{"_acf_changed":false,"content-type":"","inline_featured_image":false,"footnotes":""},"class_list":["post-157","page","type-page","status-publish","has-post-thumbnail","hentry"],"acf":[],"_links":{"self":[{"href":"https:\/\/www.addhelix.com\/en\/wp-json\/wp\/v2\/pages\/157","targetHints":{"allow":["GET"]}}],"collection":[{"href":"https:\/\/www.addhelix.com\/en\/wp-json\/wp\/v2\/pages"}],"about":[{"href":"https:\/\/www.addhelix.com\/en\/wp-json\/wp\/v2\/types\/page"}],"author":[{"embeddable":true,"href":"https:\/\/www.addhelix.com\/en\/wp-json\/wp\/v2\/users\/1"}],"replies":[{"embeddable":true,"href":"https:\/\/www.addhelix.com\/en\/wp-json\/wp\/v2\/comments?post=157"}],"version-history":[{"count":32,"href":"https:\/\/www.addhelix.com\/en\/wp-json\/wp\/v2\/pages\/157\/revisions"}],"predecessor-version":[{"id":3726,"href":"https:\/\/www.addhelix.com\/en\/wp-json\/wp\/v2\/pages\/157\/revisions\/3726"}],"wp:featuredmedia":[{"embeddable":true,"href":"https:\/\/www.addhelix.com\/en\/wp-json\/wp\/v2\/media\/2500"}],"wp:attachment":[{"href":"https:\/\/www.addhelix.com\/en\/wp-json\/wp\/v2\/media?parent=157"}],"curies":[{"name":"wp","href":"https:\/\/api.w.org\/{rel}","templated":true}]}}