{"id":167,"date":"2023-07-08T08:50:23","date_gmt":"2023-07-08T08:50:23","guid":{"rendered":"http:\/\/wordpress.p646551.webspaceconfig.de\/?page_id=167"},"modified":"2024-10-22T09:23:03","modified_gmt":"2024-10-22T09:23:03","slug":"location","status":"publish","type":"page","link":"https:\/\/www.addhelix.com\/en\/location\/","title":{"rendered":"Location"},"content":{"rendered":"<div class=\"wp-block-cover alignfull\" style=\"min-height:25vw;aspect-ratio:unset;\"><span aria-hidden=\"true\" class=\"wp-block-cover__background has-contrast-background-color has-background-dim\"><\/span><img loading=\"lazy\" decoding=\"async\" width=\"1536\" height=\"600\" src=\"https:\/\/www.addhelix.com\/wp-content\/uploads\/2024\/08\/Header_Location_ah_iSt_1632892026.png\" class=\"wp-block-cover__image-background wp-post-image\" alt=\"Location Service addhelix\" data-object-fit=\"cover\" srcset=\"https:\/\/www.addhelix.com\/wp-content\/uploads\/2024\/08\/Header_Location_ah_iSt_1632892026.png 1536w, https:\/\/www.addhelix.com\/wp-content\/uploads\/2024\/08\/Header_Location_ah_iSt_1632892026-300x117.png 300w, https:\/\/www.addhelix.com\/wp-content\/uploads\/2024\/08\/Header_Location_ah_iSt_1632892026-1024x400.png 1024w, https:\/\/www.addhelix.com\/wp-content\/uploads\/2024\/08\/Header_Location_ah_iSt_1632892026-768x300.png 768w\" sizes=\"auto, (max-width: 1536px) 100vw, 1536px\" \/><div class=\"wp-block-cover__inner-container is-layout-flow wp-block-cover-is-layout-flow\">\n<h1 class=\"wp-block-heading has-text-align-center has-xxx-large-font-size\">Location Services<\/h1>\n<\/div><\/div>\n\n\n\n<div class=\"wp-block-group has-large-font-size has-global-padding is-layout-constrained wp-block-group-is-layout-constrained\" style=\"margin-top:var(--wp--preset--spacing--70);margin-bottom:var(--wp--preset--spacing--70)\">\n<p>Logistics is a highly competitive field in which the delivery of goods should ideally take place immediately and with precise tracking. This presents logistics companies with major challenges that can only be mastered with accurate and forward-looking planning, precise location data and efficient route planning.<\/p>\n\n\n\n<p>At addHelix, we offer advanced, web-based solutions for these requirements, such as geocoding, real-time tracking, geofencing, area and zone planning, address validation and location search, and thus an accurate prediction of the Estimated Arrival Time (EAT). This enables you to impress your customers with reliable supply chains.<\/p>\n<\/div>\n\n\n\n<div class=\"wp-block-group has-global-padding is-layout-constrained wp-container-core-group-is-layout-462abad2 wp-block-group-is-layout-constrained\" style=\"margin-top:var(--wp--preset--spacing--80);margin-bottom:var(--wp--preset--spacing--80);padding-top:var(--wp--preset--spacing--80);padding-bottom:var(--wp--preset--spacing--80)\">\n<div class=\"wp-block-group has-global-padding is-layout-constrained wp-block-group-is-layout-constrained\">\n<h2 class=\"wp-block-heading has-text-align-center\" id=\"h-unsere-services\">Our services<\/h2>\n<\/div>\n\n\n\n<div class=\"wp-block-group has-global-padding is-layout-constrained wp-block-group-is-layout-constrained\">\n<div class=\"wp-block-group is-style-grid is-nowrap is-layout-flex wp-container-core-group-is-layout-877c468d wp-block-group-is-layout-flex\">    \r\n\r\n    <a href=\"https:\/\/www.addhelix.com\/en\/services\/distance-matrix\/\" class=\"block  block--usecase\">\r\n\r\n        <div class=\"block__media\">\r\n            <img loading=\"lazy\" decoding=\"async\" width=\"1024\" height=\"683\" src=\"https:\/\/www.addhelix.com\/wp-content\/uploads\/2023\/12\/1457540206_Website-Final_2-1024x683.jpg\" class=\"attachment-large size-large wp-post-image\" alt=\"\" srcset=\"https:\/\/www.addhelix.com\/wp-content\/uploads\/2023\/12\/1457540206_Website-Final_2-1024x683.jpg 1024w, https:\/\/www.addhelix.com\/wp-content\/uploads\/2023\/12\/1457540206_Website-Final_2-300x200.jpg 300w, https:\/\/www.addhelix.com\/wp-content\/uploads\/2023\/12\/1457540206_Website-Final_2-768x512.jpg 768w, https:\/\/www.addhelix.com\/wp-content\/uploads\/2023\/12\/1457540206_Website-Final_2-1536x1024.jpg 1536w, https:\/\/www.addhelix.com\/wp-content\/uploads\/2023\/12\/1457540206_Website-Final_2-2048x1366.jpg 2048w\" sizes=\"auto, (max-width: 1024px) 100vw, 1024px\" \/>        <\/div>\r\n\r\n        <div class=\"block__content\">\r\n            <h3 class=\"block__title\">Distance Matrix<\/h3>\r\n            <div class=\"block__description\">\r\n                Improve your daily logistics planning with precise real-time calculations of distances and journey times.            <\/div>\r\n        <\/div>\r\n\r\n    <\/a>\r\n\r\n\n\n    \r\n\r\n    <a href=\"https:\/\/www.addhelix.com\/en\/services\/eta-estimated-time-of-arrival\/\" class=\"block  block--usecase\">\r\n\r\n        <div class=\"block__media\">\r\n            <img loading=\"lazy\" decoding=\"async\" width=\"1024\" height=\"683\" src=\"https:\/\/www.addhelix.com\/wp-content\/uploads\/2023\/12\/ETA_neu_2560x1707_test-1024x683.jpg\" class=\"attachment-large size-large wp-post-image\" alt=\"\" srcset=\"https:\/\/www.addhelix.com\/wp-content\/uploads\/2023\/12\/ETA_neu_2560x1707_test-1024x683.jpg 1024w, https:\/\/www.addhelix.com\/wp-content\/uploads\/2023\/12\/ETA_neu_2560x1707_test-300x200.jpg 300w, https:\/\/www.addhelix.com\/wp-content\/uploads\/2023\/12\/ETA_neu_2560x1707_test-768x512.jpg 768w, https:\/\/www.addhelix.com\/wp-content\/uploads\/2023\/12\/ETA_neu_2560x1707_test-1536x1024.jpg 1536w, https:\/\/www.addhelix.com\/wp-content\/uploads\/2023\/12\/ETA_neu_2560x1707_test-2048x1366.jpg 2048w\" sizes=\"auto, (max-width: 1024px) 100vw, 1024px\" \/>        <\/div>\r\n\r\n        <div class=\"block__content\">\r\n            <h3 class=\"block__title\">Estimated Time Of Arrival<\/h3>\r\n            <div class=\"block__description\">\r\n                Steigern Sie Ihre Kundenzufriedenheit mit verl\u00e4sslicher Berechnung der Estimated Time of Arrival (ETA).            <\/div>\r\n        <\/div>\r\n\r\n    <\/a>\r\n\r\n\n\n    \r\n\r\n    <a href=\"https:\/\/www.addhelix.com\/en\/services\/geo-fencing\/\" class=\"block  block--usecase\">\r\n\r\n        <div class=\"block__media\">\r\n            <img loading=\"lazy\" decoding=\"async\" width=\"1024\" height=\"683\" src=\"https:\/\/www.addhelix.com\/wp-content\/uploads\/2023\/12\/santorini-4044972_19201wEBSITE_FINAL-1024x683.jpg\" class=\"attachment-large size-large wp-post-image\" alt=\"\" srcset=\"https:\/\/www.addhelix.com\/wp-content\/uploads\/2023\/12\/santorini-4044972_19201wEBSITE_FINAL-1024x683.jpg 1024w, https:\/\/www.addhelix.com\/wp-content\/uploads\/2023\/12\/santorini-4044972_19201wEBSITE_FINAL-300x200.jpg 300w, https:\/\/www.addhelix.com\/wp-content\/uploads\/2023\/12\/santorini-4044972_19201wEBSITE_FINAL-768x512.jpg 768w, https:\/\/www.addhelix.com\/wp-content\/uploads\/2023\/12\/santorini-4044972_19201wEBSITE_FINAL-1536x1024.jpg 1536w, https:\/\/www.addhelix.com\/wp-content\/uploads\/2023\/12\/santorini-4044972_19201wEBSITE_FINAL-2048x1366.jpg 2048w\" sizes=\"auto, (max-width: 1024px) 100vw, 1024px\" \/>        <\/div>\r\n\r\n        <div class=\"block__content\">\r\n            <h3 class=\"block__title\">Geo Fencing<\/h3>\r\n            <div class=\"block__description\">\r\n                Geo Fencing allows you to monitor geographical areas and resources in real time for better progress planning.            <\/div>\r\n        <\/div>\r\n\r\n    <\/a>\r\n\r\n\n\n    \r\n\r\n    <a href=\"https:\/\/www.addhelix.com\/en\/services\/geocoding\/\" class=\"block  block--usecase\">\r\n\r\n        <div class=\"block__media\">\r\n            <img loading=\"lazy\" decoding=\"async\" width=\"1024\" height=\"683\" src=\"https:\/\/www.addhelix.com\/wp-content\/uploads\/2023\/12\/iStock-1707531989_2450x1707-1024x683.jpg\" class=\"attachment-large size-large wp-post-image\" alt=\"\" srcset=\"https:\/\/www.addhelix.com\/wp-content\/uploads\/2023\/12\/iStock-1707531989_2450x1707-1024x683.jpg 1024w, https:\/\/www.addhelix.com\/wp-content\/uploads\/2023\/12\/iStock-1707531989_2450x1707-300x200.jpg 300w, https:\/\/www.addhelix.com\/wp-content\/uploads\/2023\/12\/iStock-1707531989_2450x1707-768x512.jpg 768w, https:\/\/www.addhelix.com\/wp-content\/uploads\/2023\/12\/iStock-1707531989_2450x1707-1536x1024.jpg 1536w, https:\/\/www.addhelix.com\/wp-content\/uploads\/2023\/12\/iStock-1707531989_2450x1707-2048x1366.jpg 2048w\" sizes=\"auto, (max-width: 1024px) 100vw, 1024px\" \/>        <\/div>\r\n\r\n        <div class=\"block__content\">\r\n            <h3 class=\"block__title\">Geocoding<\/h3>\r\n            <div class=\"block__description\">\r\n                With geocoding, you can transform often imprecise addresses into reliable geo-coordinates for precise calculations.            <\/div>\r\n        <\/div>\r\n\r\n    <\/a>\r\n\r\n\n\n    \r\n\r\n    <a href=\"https:\/\/www.addhelix.com\/en\/services\/map-matching\/\" class=\"block  block--usecase\">\r\n\r\n        <div class=\"block__media\">\r\n            <img loading=\"lazy\" decoding=\"async\" width=\"1024\" height=\"683\" src=\"https:\/\/www.addhelix.com\/wp-content\/uploads\/2023\/12\/Map_Matching_iSt_1146449449-1024x683.jpg\" class=\"attachment-large size-large wp-post-image\" alt=\"Map matching - addhelix Webservice\" srcset=\"https:\/\/www.addhelix.com\/wp-content\/uploads\/2023\/12\/Map_Matching_iSt_1146449449-1024x683.jpg 1024w, https:\/\/www.addhelix.com\/wp-content\/uploads\/2023\/12\/Map_Matching_iSt_1146449449-300x200.jpg 300w, https:\/\/www.addhelix.com\/wp-content\/uploads\/2023\/12\/Map_Matching_iSt_1146449449-768x512.jpg 768w, https:\/\/www.addhelix.com\/wp-content\/uploads\/2023\/12\/Map_Matching_iSt_1146449449-1536x1024.jpg 1536w, https:\/\/www.addhelix.com\/wp-content\/uploads\/2023\/12\/Map_Matching_iSt_1146449449-2048x1366.jpg 2048w, https:\/\/www.addhelix.com\/wp-content\/uploads\/2023\/12\/Map_Matching_iSt_1146449449-18x12.jpg 18w\" sizes=\"auto, (max-width: 1024px) 100vw, 1024px\" \/>        <\/div>\r\n\r\n        <div class=\"block__content\">\r\n            <h3 class=\"block__title\">Map Matching<\/h3>\r\n            <div class=\"block__description\">\r\n                With Map Matching, your tracking data is linked to a digital road network for greater efficiency.            <\/div>\r\n        <\/div>\r\n\r\n    <\/a>\r\n\r\n\n\n    \r\n\r\n    <a href=\"https:\/\/www.addhelix.com\/en\/services\/track-trace\/\" class=\"block  block--usecase\">\r\n\r\n        <div class=\"block__media\">\r\n            <img loading=\"lazy\" decoding=\"async\" width=\"1024\" height=\"683\" src=\"https:\/\/www.addhelix.com\/wp-content\/uploads\/2023\/12\/TrackTrace_AH_Website_sh_429168445-1024x683.jpg\" class=\"attachment-large size-large wp-post-image\" alt=\"\" srcset=\"https:\/\/www.addhelix.com\/wp-content\/uploads\/2023\/12\/TrackTrace_AH_Website_sh_429168445-1024x683.jpg 1024w, https:\/\/www.addhelix.com\/wp-content\/uploads\/2023\/12\/TrackTrace_AH_Website_sh_429168445-300x200.jpg 300w, https:\/\/www.addhelix.com\/wp-content\/uploads\/2023\/12\/TrackTrace_AH_Website_sh_429168445-768x512.jpg 768w, https:\/\/www.addhelix.com\/wp-content\/uploads\/2023\/12\/TrackTrace_AH_Website_sh_429168445-1536x1024.jpg 1536w, https:\/\/www.addhelix.com\/wp-content\/uploads\/2023\/12\/TrackTrace_AH_Website_sh_429168445-2048x1366.jpg 2048w, https:\/\/www.addhelix.com\/wp-content\/uploads\/2023\/12\/TrackTrace_AH_Website_sh_429168445-18x12.jpg 18w\" sizes=\"auto, (max-width: 1024px) 100vw, 1024px\" \/>        <\/div>\r\n\r\n        <div class=\"block__content\">\r\n            <h3 class=\"block__title\">Track &#038; Trace<\/h3>\r\n            <div class=\"block__description\">\r\n                With Track &amp; Trace, your customers receive automatic, timely notifications about your deliveries.            <\/div>\r\n        <\/div>\r\n\r\n    <\/a>\r\n\r\n\n\n    \r\n\r\n    <a href=\"https:\/\/www.addhelix.com\/en\/services\/adress-normalizer\/\" class=\"block  block--usecase\">\r\n\r\n        <div class=\"block__media\">\r\n            <img loading=\"lazy\" decoding=\"async\" width=\"1024\" height=\"683\" src=\"https:\/\/www.addhelix.com\/wp-content\/uploads\/2023\/12\/Adresse-Prozess_shutterstock_1117351022_2560x1707-1024x683.jpg\" class=\"attachment-large size-large wp-post-image\" alt=\"\" srcset=\"https:\/\/www.addhelix.com\/wp-content\/uploads\/2023\/12\/Adresse-Prozess_shutterstock_1117351022_2560x1707-1024x683.jpg 1024w, https:\/\/www.addhelix.com\/wp-content\/uploads\/2023\/12\/Adresse-Prozess_shutterstock_1117351022_2560x1707-300x200.jpg 300w, https:\/\/www.addhelix.com\/wp-content\/uploads\/2023\/12\/Adresse-Prozess_shutterstock_1117351022_2560x1707-768x512.jpg 768w, https:\/\/www.addhelix.com\/wp-content\/uploads\/2023\/12\/Adresse-Prozess_shutterstock_1117351022_2560x1707-1536x1024.jpg 1536w, https:\/\/www.addhelix.com\/wp-content\/uploads\/2023\/12\/Adresse-Prozess_shutterstock_1117351022_2560x1707-2048x1366.jpg 2048w\" sizes=\"auto, (max-width: 1024px) 100vw, 1024px\" \/>        <\/div>\r\n\r\n        <div class=\"block__content\">\r\n            <h3 class=\"block__title\">Adress Normalizer<\/h3>\r\n            <div class=\"block__description\">\r\n                Improve your address quality with automatic completion and correction using the Address Normaliser.            <\/div>\r\n        <\/div>\r\n\r\n    <\/a>\r\n\r\n\n\n    \r\n\r\n    <a href=\"https:\/\/www.addhelix.com\/en\/services\/area-finder\/\" class=\"block  block--usecase\">\r\n\r\n        <div class=\"block__media\">\r\n            <img loading=\"lazy\" decoding=\"async\" width=\"1024\" height=\"683\" src=\"https:\/\/www.addhelix.com\/wp-content\/uploads\/2023\/12\/iStock-1456324378_axians2560x1707-1024x683.jpg\" class=\"attachment-large size-large wp-post-image\" alt=\"\" srcset=\"https:\/\/www.addhelix.com\/wp-content\/uploads\/2023\/12\/iStock-1456324378_axians2560x1707-1024x683.jpg 1024w, https:\/\/www.addhelix.com\/wp-content\/uploads\/2023\/12\/iStock-1456324378_axians2560x1707-300x200.jpg 300w, https:\/\/www.addhelix.com\/wp-content\/uploads\/2023\/12\/iStock-1456324378_axians2560x1707-768x512.jpg 768w, https:\/\/www.addhelix.com\/wp-content\/uploads\/2023\/12\/iStock-1456324378_axians2560x1707-1536x1024.jpg 1536w, https:\/\/www.addhelix.com\/wp-content\/uploads\/2023\/12\/iStock-1456324378_axians2560x1707-2048x1366.jpg 2048w\" sizes=\"auto, (max-width: 1024px) 100vw, 1024px\" \/>        <\/div>\r\n\r\n        <div class=\"block__content\">\r\n            <h3 class=\"block__title\">Area Finder<\/h3>\r\n            <div class=\"block__description\">\r\n                With the Area Finder, you can automatically assign delivery and collection addresses to the appropriate branches and depots.            <\/div>\r\n        <\/div>\r\n\r\n    <\/a>\r\n\r\n\n\n    \r\n\r\n    <a href=\"https:\/\/www.addhelix.com\/en\/services\/places-finder\/\" class=\"block  block--usecase\">\r\n\r\n        <div class=\"block__media\">\r\n            <img loading=\"lazy\" decoding=\"async\" width=\"1024\" height=\"683\" src=\"https:\/\/www.addhelix.com\/wp-content\/uploads\/2023\/12\/iStock-1204899822_2560x1707-1024x683.jpg\" class=\"attachment-large size-large wp-post-image\" alt=\"\" srcset=\"https:\/\/www.addhelix.com\/wp-content\/uploads\/2023\/12\/iStock-1204899822_2560x1707-1024x683.jpg 1024w, https:\/\/www.addhelix.com\/wp-content\/uploads\/2023\/12\/iStock-1204899822_2560x1707-300x200.jpg 300w, https:\/\/www.addhelix.com\/wp-content\/uploads\/2023\/12\/iStock-1204899822_2560x1707-768x512.jpg 768w, https:\/\/www.addhelix.com\/wp-content\/uploads\/2023\/12\/iStock-1204899822_2560x1707-1536x1024.jpg 1536w, https:\/\/www.addhelix.com\/wp-content\/uploads\/2023\/12\/iStock-1204899822_2560x1707-2048x1366.jpg 2048w\" sizes=\"auto, (max-width: 1024px) 100vw, 1024px\" \/>        <\/div>\r\n\r\n        <div class=\"block__content\">\r\n            <h3 class=\"block__title\">Places Finder<\/h3>\r\n            <div class=\"block__description\">\r\n                The Places Finder makes it easy to find contact details, opening hours and address data for all companies and service providers.            <\/div>\r\n        <\/div>\r\n\r\n    <\/a>\r\n\r\n<\/div>\n\n\n\n<div style=\"height:48px\" aria-hidden=\"true\" class=\"wp-block-spacer\"><\/div>\n<\/div>\n<\/div>\n\n\n\n<div class=\"wp-block-group alignfull has-white-color has-text-color has-background is-layout-flow wp-block-group-is-layout-flow\" style=\"background:linear-gradient(224deg,rgb(65,192,240) 0%,rgb(162,0,103) 100%);margin-top:0;margin-bottom:0;padding-top:var(--wp--preset--spacing--60);padding-right:var(--wp--preset--spacing--60);padding-bottom:var(--wp--preset--spacing--60);padding-left:var(--wp--preset--spacing--60)\">\n<div class=\"wp-block-group has-global-padding is-layout-constrained wp-block-group-is-layout-constrained\">\n<div class=\"wp-block-columns is-layout-flex wp-container-core-columns-is-layout-f24b2f23 wp-block-columns-is-layout-flex\" style=\"padding-top:var(--wp--preset--spacing--80);padding-bottom:var(--wp--preset--spacing--80)\">\n<div class=\"wp-block-column is-layout-flow wp-container-core-column-is-layout-f751d6c2 wp-block-column-is-layout-flow\" style=\"flex-basis:75%\">\n<div class=\"wp-block-group is-vertical is-layout-flex wp-container-core-group-is-layout-c35747d5 wp-block-group-is-layout-flex\">\n<h2 class=\"wp-block-heading\" id=\"h-integrieren-sie-die-services-von-addhelix-in-ihre-bestehende-architektur\">Integrate the services of addHelix into your existing architecture!<\/h2>\n\n\n\n<p class=\"has-medium-font-size translation-block\">What sets us apart is our impressive availability and many years of expertise in the logistics industry. We know what is important and our APIs are the result of this deep understanding.<\/p>\n<\/div>\n\n\n\n<div class=\"wp-block-buttons is-layout-flex wp-block-buttons-is-layout-flex\">\n<div class=\"wp-block-button is-style-fill\"><a class=\"wp-block-button__link has-secondary-color has-white-background-color has-text-color has-background has-link-color wp-element-button\" href=\"mailto:sales@addhelix.com\" style=\"border-style:none;border-width:0px\">Contact us<\/a><\/div>\n<\/div>\n<\/div>\n\n\n\n<div class=\"wp-block-column is-layout-flow wp-block-column-is-layout-flow\" style=\"flex-basis:25%\">\n<div style=\"height:49px\" aria-hidden=\"true\" class=\"wp-block-spacer\"><\/div>\n<\/div>\n<\/div>\n<\/div>\n<\/div>","protected":false},"excerpt":{"rendered":"<p>Die Logistik ist ein stark umk\u00e4mpftes Feld, in der die Lieferung von G\u00fctern am besten sofort und mit genauem Tracking erfolgen sollte. Dies stellt Logistik-Unternehmen vor gro\u00dfe Herausforderungen, die nur mit genauer und vorausschauender Planung, pr\u00e4zisen Standortdaten und effizienter Routenplanung gemeistert werden kann. Wir von addHelix bieten f\u00fcr diese Anforderungen fortschrittliche, webbasierte L\u00f6sungen wie Geokodierungen, [&hellip;]<\/p>\n","protected":false},"author":1,"featured_media":2499,"parent":0,"menu_order":0,"comment_status":"closed","ping_status":"closed","template":"","meta":{"_acf_changed":false,"content-type":"","inline_featured_image":false,"footnotes":""},"class_list":["post-167","page","type-page","status-publish","has-post-thumbnail","hentry"],"acf":[],"_links":{"self":[{"href":"https:\/\/www.addhelix.com\/en\/wp-json\/wp\/v2\/pages\/167","targetHints":{"allow":["GET"]}}],"collection":[{"href":"https:\/\/www.addhelix.com\/en\/wp-json\/wp\/v2\/pages"}],"about":[{"href":"https:\/\/www.addhelix.com\/en\/wp-json\/wp\/v2\/types\/page"}],"author":[{"embeddable":true,"href":"https:\/\/www.addhelix.com\/en\/wp-json\/wp\/v2\/users\/1"}],"replies":[{"embeddable":true,"href":"https:\/\/www.addhelix.com\/en\/wp-json\/wp\/v2\/comments?post=167"}],"version-history":[{"count":13,"href":"https:\/\/www.addhelix.com\/en\/wp-json\/wp\/v2\/pages\/167\/revisions"}],"predecessor-version":[{"id":3724,"href":"https:\/\/www.addhelix.com\/en\/wp-json\/wp\/v2\/pages\/167\/revisions\/3724"}],"wp:featuredmedia":[{"embeddable":true,"href":"https:\/\/www.addhelix.com\/en\/wp-json\/wp\/v2\/media\/2499"}],"wp:attachment":[{"href":"https:\/\/www.addhelix.com\/en\/wp-json\/wp\/v2\/media?parent=167"}],"curies":[{"name":"wp","href":"https:\/\/api.w.org\/{rel}","templated":true}]}}