{"id":2269,"date":"2024-08-07T15:45:31","date_gmt":"2024-08-07T15:45:31","guid":{"rendered":"https:\/\/www.addhelix.com\/?page_id=2269"},"modified":"2025-01-17T09:50:33","modified_gmt":"2025-01-17T09:50:33","slug":"coming-soon","status":"publish","type":"page","link":"https:\/\/www.addhelix.com\/en\/coming-soon\/","title":{"rendered":"Coming soon"},"content":{"rendered":"<div class=\"wp-block-cover alignfull\" style=\"min-height:25vw;aspect-ratio:unset;\"><span aria-hidden=\"true\" class=\"wp-block-cover__background has-contrast-background-color has-background-dim\"><\/span><img loading=\"lazy\" decoding=\"async\" width=\"2560\" height=\"1707\" src=\"https:\/\/www.addhelix.com\/wp-content\/uploads\/2024\/10\/Test_Coming_Soon_Axians-2023-Background-1.jpg\" class=\"wp-block-cover__image-background wp-post-image\" alt=\"Coming Soon Werbservices addhelix\" data-object-fit=\"cover\" srcset=\"https:\/\/www.addhelix.com\/wp-content\/uploads\/2024\/10\/Test_Coming_Soon_Axians-2023-Background-1.jpg 2560w, https:\/\/www.addhelix.com\/wp-content\/uploads\/2024\/10\/Test_Coming_Soon_Axians-2023-Background-1-300x200.jpg 300w, https:\/\/www.addhelix.com\/wp-content\/uploads\/2024\/10\/Test_Coming_Soon_Axians-2023-Background-1-1024x683.jpg 1024w, https:\/\/www.addhelix.com\/wp-content\/uploads\/2024\/10\/Test_Coming_Soon_Axians-2023-Background-1-768x512.jpg 768w, https:\/\/www.addhelix.com\/wp-content\/uploads\/2024\/10\/Test_Coming_Soon_Axians-2023-Background-1-1536x1024.jpg 1536w, https:\/\/www.addhelix.com\/wp-content\/uploads\/2024\/10\/Test_Coming_Soon_Axians-2023-Background-1-2048x1366.jpg 2048w, https:\/\/www.addhelix.com\/wp-content\/uploads\/2024\/10\/Test_Coming_Soon_Axians-2023-Background-1-18x12.jpg 18w\" sizes=\"auto, (max-width: 2560px) 100vw, 2560px\" \/><div class=\"wp-block-cover__inner-container is-layout-flow wp-block-cover-is-layout-flow\">\n<h1 class=\"wp-block-heading has-text-align-center has-xxx-large-font-size\">Coming soon<\/h1>\n<\/div><\/div>\n\n\n\n<div class=\"wp-block-group has-large-font-size has-global-padding is-layout-constrained wp-block-group-is-layout-constrained\" style=\"margin-top:var(--wp--preset--spacing--80);margin-bottom:var(--wp--preset--spacing--80)\">\n<p>We are constantly working to improve our service and provide you with the best possible support for your logistics challenges. With state-of-the-art technologies and intelligent solutions, we will soon be offering you the opportunity to maximize your efficiency even further, reduce costs and achieve your sustainability goals.<\/p>\n\n\n\n<p>Be among the first to benefit from further pioneering services. The future of logistics starts here - with addHelix as your partner!<\/p>\n<\/div>\n\n\n\n<div class=\"wp-block-group has-global-padding is-layout-constrained wp-container-core-group-is-layout-462abad2 wp-block-group-is-layout-constrained\" style=\"margin-top:var(--wp--preset--spacing--80);margin-bottom:var(--wp--preset--spacing--80);padding-top:var(--wp--preset--spacing--80);padding-bottom:var(--wp--preset--spacing--80)\">\n<div class=\"wp-block-group has-global-padding is-layout-constrained wp-block-group-is-layout-constrained\">\n<h2 class=\"wp-block-heading\" id=\"h-unsere-zukunftigen-services\">Our future services<\/h2>\n<\/div>\n\n\n\n<div class=\"wp-block-group is-style-grid is-nowrap is-layout-flex wp-container-core-group-is-layout-877c468d wp-block-group-is-layout-flex\">    \r\n\r\n    <a href=\"https:\/\/www.addhelix.com\/en\/services\/kep-manager\/\" class=\"block  block--usecase\">\r\n\r\n        <div class=\"block__media\">\r\n            <img loading=\"lazy\" decoding=\"async\" width=\"1024\" height=\"683\" src=\"https:\/\/www.addhelix.com\/wp-content\/uploads\/2024\/06\/KEP_Manager_use-Case_AdobeStock_621963706_final-1024x683.jpg\" class=\"attachment-large size-large wp-post-image\" alt=\"\" srcset=\"https:\/\/www.addhelix.com\/wp-content\/uploads\/2024\/06\/KEP_Manager_use-Case_AdobeStock_621963706_final-1024x683.jpg 1024w, https:\/\/www.addhelix.com\/wp-content\/uploads\/2024\/06\/KEP_Manager_use-Case_AdobeStock_621963706_final-300x200.jpg 300w, https:\/\/www.addhelix.com\/wp-content\/uploads\/2024\/06\/KEP_Manager_use-Case_AdobeStock_621963706_final-768x512.jpg 768w, https:\/\/www.addhelix.com\/wp-content\/uploads\/2024\/06\/KEP_Manager_use-Case_AdobeStock_621963706_final-1536x1024.jpg 1536w, https:\/\/www.addhelix.com\/wp-content\/uploads\/2024\/06\/KEP_Manager_use-Case_AdobeStock_621963706_final-2048x1366.jpg 2048w\" sizes=\"auto, (max-width: 1024px) 100vw, 1024px\" \/>        <\/div>\r\n\r\n        <div class=\"block__content\">\r\n            <h3 class=\"block__title\">KEP-Manager<\/h3>\r\n            <div class=\"block__description\">\r\n                The CEP Manager gives you full control over just-in-time strategies for your courier, express and parcel service.            <\/div>\r\n        <\/div>\r\n\r\n    <\/a>\r\n\r\n<\/div>\n<\/div>\n\n\n\n<div class=\"wp-block-group alignfull has-white-color has-text-color has-background is-layout-flow wp-block-group-is-layout-flow\" style=\"background:linear-gradient(224deg,rgb(65,192,240) 0%,rgb(162,0,103) 100%);margin-top:0;margin-bottom:0;padding-top:var(--wp--preset--spacing--60);padding-right:var(--wp--preset--spacing--60);padding-bottom:var(--wp--preset--spacing--60);padding-left:var(--wp--preset--spacing--60)\">\n<div class=\"wp-block-group has-global-padding is-layout-constrained wp-block-group-is-layout-constrained\">\n<div class=\"wp-block-columns is-layout-flex wp-container-core-columns-is-layout-f24b2f23 wp-block-columns-is-layout-flex\" style=\"padding-top:var(--wp--preset--spacing--80);padding-bottom:var(--wp--preset--spacing--80)\">\n<div class=\"wp-block-column is-layout-flow wp-container-core-column-is-layout-f751d6c2 wp-block-column-is-layout-flow\" style=\"flex-basis:75%\">\n<div class=\"wp-block-group is-vertical is-layout-flex wp-container-core-group-is-layout-c35747d5 wp-block-group-is-layout-flex\">\n<h2 class=\"wp-block-heading\" id=\"h-integrieren-sie-die-services-von-addhelix-in-ihre-bestehende-architektur\">Integrate the services of addHelix into your existing architecture!<\/h2>\n\n\n\n<p class=\"has-medium-font-size translation-block\">What sets us apart is our impressive availability and many years of expertise in the logistics industry. We know what is important and our APIs are the result of this deep understanding.<\/p>\n<\/div>\n\n\n\n<div class=\"wp-block-buttons is-layout-flex wp-block-buttons-is-layout-flex\">\n<div class=\"wp-block-button is-style-fill\"><a class=\"wp-block-button__link has-secondary-color has-white-background-color has-text-color has-background has-link-color wp-element-button\" href=\"mailto:sales@addhelix.com\" style=\"border-style:none;border-width:0px\">Contact us<\/a><\/div>\n<\/div>\n<\/div>\n\n\n\n<div class=\"wp-block-column is-layout-flow wp-block-column-is-layout-flow\" style=\"flex-basis:25%\">\n<div style=\"height:49px\" aria-hidden=\"true\" class=\"wp-block-spacer\"><\/div>\n<\/div>\n<\/div>\n<\/div>\n<\/div>","protected":false},"excerpt":{"rendered":"<p>Wir arbeiten laufend daran, unser Service zu verbessern und Sie bei Ihren logistischen Herausforderungen bestm\u00f6glich zu unterst\u00fctzen. Mit hochmodernen Technologien und intelligenten L\u00f6sungen bieten wir Ihnen bald die M\u00f6glichkeit, Ihre Effizienz noch weiter zu maximieren, Kosten zu senken und Ihre Nachhaltigkeitsziele zu erreichen. Seien Sie unter den Ersten, die von weiteren wegweisenden Serviceleistungen profitieren. Die [&hellip;]<\/p>\n","protected":false},"author":2,"featured_media":3717,"parent":0,"menu_order":0,"comment_status":"closed","ping_status":"closed","template":"","meta":{"_acf_changed":false,"content-type":"","inline_featured_image":false,"footnotes":""},"class_list":["post-2269","page","type-page","status-publish","has-post-thumbnail","hentry"],"acf":[],"_links":{"self":[{"href":"https:\/\/www.addhelix.com\/en\/wp-json\/wp\/v2\/pages\/2269","targetHints":{"allow":["GET"]}}],"collection":[{"href":"https:\/\/www.addhelix.com\/en\/wp-json\/wp\/v2\/pages"}],"about":[{"href":"https:\/\/www.addhelix.com\/en\/wp-json\/wp\/v2\/types\/page"}],"author":[{"embeddable":true,"href":"https:\/\/www.addhelix.com\/en\/wp-json\/wp\/v2\/users\/2"}],"replies":[{"embeddable":true,"href":"https:\/\/www.addhelix.com\/en\/wp-json\/wp\/v2\/comments?post=2269"}],"version-history":[{"count":17,"href":"https:\/\/www.addhelix.com\/en\/wp-json\/wp\/v2\/pages\/2269\/revisions"}],"predecessor-version":[{"id":3901,"href":"https:\/\/www.addhelix.com\/en\/wp-json\/wp\/v2\/pages\/2269\/revisions\/3901"}],"wp:featuredmedia":[{"embeddable":true,"href":"https:\/\/www.addhelix.com\/en\/wp-json\/wp\/v2\/media\/3717"}],"wp:attachment":[{"href":"https:\/\/www.addhelix.com\/en\/wp-json\/wp\/v2\/media?parent=2269"}],"curies":[{"name":"wp","href":"https:\/\/api.w.org\/{rel}","templated":true}]}}