{"id":4846,"date":"2025-10-15T14:20:49","date_gmt":"2025-10-15T14:20:49","guid":{"rendered":"https:\/\/www.addhelix.com\/?page_id=4846"},"modified":"2025-10-16T13:25:21","modified_gmt":"2025-10-16T13:25:21","slug":"tourenplanung-fuer-grosshandel-lebensmittel-und-getraenkelogistik","status":"publish","type":"page","link":"https:\/\/www.addhelix.com\/en\/tourenplanung-fuer-grosshandel-lebensmittel-und-getraenkelogistik\/","title":{"rendered":"Route planning for wholesale, food and beverage logistics"},"content":{"rendered":"<div class=\"wp-block-cover alignfull\" style=\"min-height:25vw;aspect-ratio:unset;\"><img loading=\"lazy\" decoding=\"async\" width=\"1024\" height=\"648\" class=\"wp-block-cover__image-background wp-image-4857 size-large\" alt=\"addHelix Road Lebensmittel Gro\u00dfhandel\" src=\"https:\/\/www.addhelix.com\/wp-content\/uploads\/2025\/10\/Lebensmittel_Grosshandel_iSt1172943909-1024x648.jpg\" style=\"object-position:51% 20%\" data-object-fit=\"cover\" data-object-position=\"51% 20%\" srcset=\"https:\/\/www.addhelix.com\/wp-content\/uploads\/2025\/10\/Lebensmittel_Grosshandel_iSt1172943909-1024x648.jpg 1024w, https:\/\/www.addhelix.com\/wp-content\/uploads\/2025\/10\/Lebensmittel_Grosshandel_iSt1172943909-300x190.jpg 300w, https:\/\/www.addhelix.com\/wp-content\/uploads\/2025\/10\/Lebensmittel_Grosshandel_iSt1172943909-768x486.jpg 768w, https:\/\/www.addhelix.com\/wp-content\/uploads\/2025\/10\/Lebensmittel_Grosshandel_iSt1172943909-1536x972.jpg 1536w, https:\/\/www.addhelix.com\/wp-content\/uploads\/2025\/10\/Lebensmittel_Grosshandel_iSt1172943909-2048x1296.jpg 2048w, https:\/\/www.addhelix.com\/wp-content\/uploads\/2025\/10\/Lebensmittel_Grosshandel_iSt1172943909-18x12.jpg 18w\" sizes=\"auto, (max-width: 1024px) 100vw, 1024px\" \/><span aria-hidden=\"true\" class=\"wp-block-cover__background has-contrast-background-color has-background-dim-40 has-background-dim\"><\/span><div class=\"wp-block-cover__inner-container is-layout-flow wp-block-cover-is-layout-flow\"><h1 class=\"has-text-align-center wp-block-post-title\">Route planning for wholesale, food and beverage logistics<\/h1><\/div><\/div>\n\n\n\n<div class=\"wp-block-columns has-large-font-size is-layout-flex wp-container-core-columns-is-layout-f24b2f23 wp-block-columns-is-layout-flex\" style=\"padding-top:var(--wp--preset--spacing--80);padding-bottom:var(--wp--preset--spacing--80)\">\n<div class=\"wp-block-column is-layout-flow wp-block-column-is-layout-flow\">\n<p>In food and beverage logistics, every minute counts. Tight delivery windows, seasonal order peaks, return of empties and increasing cost pressure make precise planning essential.<\/p>\n\n\n\n<p>With Road, the web-based route planning software from addHelix - a brand of Axians ICT Austria - you can control your logistics processes with process efficiency and without gaps in the cold chain.<\/p>\n<\/div>\n\n\n\n<div class=\"wp-block-column is-layout-flow wp-block-column-is-layout-flow\">\n<p>An incorrect address or poorly coordinated use of resources can cost time and money. Road ensures correct driver information with automatic address verification and precise charging point scheduling.<\/p>\n\n\n\n<p>The integrated app allows you to remain flexible even in the event of last-minute changes: new stops, changed time slots or route adjustments are calculated automatically and communicated directly to the drivers.<\/p>\n<\/div>\n<\/div>\n\n\n\n<div class=\"wp-block-cover alignfull has-white-color has-text-color\" style=\"margin-top:0;margin-bottom:0;min-height:50vh;aspect-ratio:unset;\"><img loading=\"lazy\" decoding=\"async\" width=\"1024\" height=\"683\" class=\"wp-block-cover__image-background wp-image-1366 size-large\" alt=\"Lebensmittel Logistik\" src=\"https:\/\/www.addhelix.com\/wp-content\/uploads\/2023\/09\/RoadRunner-addHelix-webbasierter-B2B-Routenplaner-Routenoptimierung-1024x683.jpg\" style=\"object-position:52% 0%\" data-object-fit=\"cover\" data-object-position=\"52% 0%\" srcset=\"https:\/\/www.addhelix.com\/wp-content\/uploads\/2023\/09\/RoadRunner-addHelix-webbasierter-B2B-Routenplaner-Routenoptimierung-1024x683.jpg 1024w, https:\/\/www.addhelix.com\/wp-content\/uploads\/2023\/09\/RoadRunner-addHelix-webbasierter-B2B-Routenplaner-Routenoptimierung-300x200.jpg 300w, https:\/\/www.addhelix.com\/wp-content\/uploads\/2023\/09\/RoadRunner-addHelix-webbasierter-B2B-Routenplaner-Routenoptimierung-768x512.jpg 768w, https:\/\/www.addhelix.com\/wp-content\/uploads\/2023\/09\/RoadRunner-addHelix-webbasierter-B2B-Routenplaner-Routenoptimierung-1536x1024.jpg 1536w, https:\/\/www.addhelix.com\/wp-content\/uploads\/2023\/09\/RoadRunner-addHelix-webbasierter-B2B-Routenplaner-Routenoptimierung.jpg 1920w\" sizes=\"auto, (max-width: 1024px) 100vw, 1024px\" \/><span aria-hidden=\"true\" class=\"wp-block-cover__background has-fifth-background-color has-background-dim-40 has-background-dim\"><\/span><div class=\"wp-block-cover__inner-container is-layout-flow wp-block-cover-is-layout-flow\">\n<p class=\"has-text-align-center has-large-font-size\"><\/p>\n<\/div><\/div>\n\n\n\n<div class=\"wp-block-group alignfull has-global-padding is-layout-constrained wp-container-core-group-is-layout-1272b54a wp-block-group-is-layout-constrained has-background\" style=\"margin-top:var(--wp--preset--spacing--30);margin-bottom:var(--wp--preset--spacing--30);padding-top:var(--wp--preset--spacing--40);padding-bottom:var(--wp--preset--spacing--40);background-image:url(&apos;https:\/\/www.addhelix.com\/wp-content\/uploads\/2024\/08\/Helix.png&apos;);background-position:0% 50%;background-repeat:no-repeat;background-size:contain;\">\n<div class=\"wp-block-group has-global-padding is-layout-constrained wp-block-group-is-layout-constrained\">\n<h2 class=\"wp-block-heading has-text-align-center\" id=\"h-warum-road-fur-die-rahmentouren-und-routenplanung\" style=\"margin-top:var(--wp--preset--spacing--70);margin-bottom:var(--wp--preset--spacing--70)\">Why Road for frame tour and route planning?<\/h2>\n<\/div>\n\n\n\n<div class=\"wp-block-columns is-layout-flex wp-container-core-columns-is-layout-28f84493 wp-block-columns-is-layout-flex\">\n<div class=\"wp-block-column is-layout-flow wp-block-column-is-layout-flow\" style=\"padding-top:var(--wp--preset--spacing--80);padding-right:var(--wp--preset--spacing--30);padding-bottom:var(--wp--preset--spacing--80);padding-left:var(--wp--preset--spacing--30)\">\n<figure class=\"wp-block-image size-large\"><img loading=\"lazy\" decoding=\"async\" width=\"1024\" height=\"495\" src=\"https:\/\/www.addhelix.com\/wp-content\/uploads\/2025\/09\/createTours_EN.png\" alt=\"Touren addHelix Road\" class=\"wp-image-4759\" srcset=\"https:\/\/www.addhelix.com\/wp-content\/uploads\/2025\/09\/createTours_EN.png 1600w, https:\/\/www.addhelix.com\/wp-content\/uploads\/2025\/09\/createTours_EN-300x145.png 300w, https:\/\/www.addhelix.com\/wp-content\/uploads\/2025\/09\/createTours_EN-1024x495.png 1024w, https:\/\/www.addhelix.com\/wp-content\/uploads\/2025\/09\/createTours_EN-768x371.png 768w, https:\/\/www.addhelix.com\/wp-content\/uploads\/2025\/09\/createTours_EN-1536x742.png 1536w, https:\/\/www.addhelix.com\/wp-content\/uploads\/2025\/09\/createTours_EN-18x9.png 18w\" sizes=\"auto, (max-width: 1024px) 100vw, 1024px\" \/><\/figure>\n\n\n\n<div class=\"wp-block-group has-global-padding is-layout-constrained wp-container-core-group-is-layout-639b5052 wp-block-group-is-layout-constrained\" style=\"min-height:67%;padding-top:0;padding-right:0;padding-bottom:0;padding-left:0\">\n<h3 class=\"wp-block-heading has-text-align-left has-large-font-size\" id=\"h-planung-von-routen-und-rahmentouren\" style=\"line-height:1.1\"><strong><strong>Planning routes and framework tours<\/strong><\/strong><\/h3>\n\n\n\n<p class=\"has-text-align-left\">Recurring deliveries to branches, restaurants or retail outlets require precise planning. Road enables optimized route planning based on up-to-date data on vehicle availability, loading points and time slots. This makes your food and beverage logistics more economical, more sustainable and significantly more transparent.<\/p>\n<\/div>\n<\/div>\n\n\n\n<div class=\"wp-block-column is-layout-flow wp-block-column-is-layout-flow\" style=\"padding-top:var(--wp--preset--spacing--80);padding-right:var(--wp--preset--spacing--30);padding-bottom:var(--wp--preset--spacing--80);padding-left:var(--wp--preset--spacing--30)\">\n<figure class=\"wp-block-image size-large\"><img loading=\"lazy\" decoding=\"async\" width=\"1024\" height=\"495\" src=\"https:\/\/www.addhelix.com\/wp-content\/uploads\/2025\/09\/liveView02_EN.png\" alt=\"Live View Tour addHelix Road\" class=\"wp-image-4760\" srcset=\"https:\/\/www.addhelix.com\/wp-content\/uploads\/2025\/09\/liveView02_EN.png 1600w, https:\/\/www.addhelix.com\/wp-content\/uploads\/2025\/09\/liveView02_EN-300x145.png 300w, https:\/\/www.addhelix.com\/wp-content\/uploads\/2025\/09\/liveView02_EN-1024x495.png 1024w, https:\/\/www.addhelix.com\/wp-content\/uploads\/2025\/09\/liveView02_EN-768x371.png 768w, https:\/\/www.addhelix.com\/wp-content\/uploads\/2025\/09\/liveView02_EN-1536x742.png 1536w, https:\/\/www.addhelix.com\/wp-content\/uploads\/2025\/09\/liveView02_EN-18x9.png 18w\" sizes=\"auto, (max-width: 1024px) 100vw, 1024px\" \/><\/figure>\n\n\n\n<div class=\"wp-block-group has-global-padding is-layout-constrained wp-container-core-group-is-layout-639b5052 wp-block-group-is-layout-constrained\" style=\"min-height:63%;padding-top:0;padding-right:0;padding-bottom:0;padding-left:0\">\n<h3 class=\"wp-block-heading has-text-align-left has-large-font-size\" id=\"h-lieferprozesse-mit-echtzeitkontrolle\" style=\"line-height:1.1\"><strong>Delivery processes with real-time control<\/strong><\/h3>\n\n\n\n<p class=\"has-text-align-left\">With Road, you can keep an eye on deliveries, vehicles and drivers in real time.<\/p>\n\n\n\n<p class=\"has-text-align-left\">Automatic address validation recognizes loading points precisely, avoids incorrect journeys and saves time. Supply chain visibility and ETA forecasting ensure transparency and predictable supply chains.<\/p>\n<\/div>\n<\/div>\n\n\n\n<div class=\"wp-block-column is-layout-flow wp-block-column-is-layout-flow\" style=\"padding-top:var(--wp--preset--spacing--80);padding-right:var(--wp--preset--spacing--30);padding-bottom:var(--wp--preset--spacing--80);padding-left:var(--wp--preset--spacing--30)\">\n<figure class=\"wp-block-image size-large\"><img loading=\"lazy\" decoding=\"async\" width=\"1024\" height=\"495\" src=\"https:\/\/www.addhelix.com\/wp-content\/uploads\/2025\/09\/addresses_EN.png\" alt=\"Adressen addHelix Road\" class=\"wp-image-4757\" srcset=\"https:\/\/www.addhelix.com\/wp-content\/uploads\/2025\/09\/addresses_EN.png 1600w, https:\/\/www.addhelix.com\/wp-content\/uploads\/2025\/09\/addresses_EN-300x145.png 300w, https:\/\/www.addhelix.com\/wp-content\/uploads\/2025\/09\/addresses_EN-1024x495.png 1024w, https:\/\/www.addhelix.com\/wp-content\/uploads\/2025\/09\/addresses_EN-768x371.png 768w, https:\/\/www.addhelix.com\/wp-content\/uploads\/2025\/09\/addresses_EN-1536x742.png 1536w, https:\/\/www.addhelix.com\/wp-content\/uploads\/2025\/09\/addresses_EN-18x9.png 18w\" sizes=\"auto, (max-width: 1024px) 100vw, 1024px\" \/><\/figure>\n\n\n\n<div class=\"wp-block-group has-global-padding is-layout-constrained wp-container-core-group-is-layout-639b5052 wp-block-group-is-layout-constrained\" style=\"min-height:61%;padding-top:0;padding-right:0;padding-bottom:0;padding-left:0\">\n<h3 class=\"wp-block-heading has-text-align-left has-large-font-size\" id=\"h-tourenplanung-fur-frische-ware\" style=\"line-height:1.1\"><strong><strong><strong><strong>Route planning for fresh goods<\/strong><\/strong><\/strong><\/strong><\/h3>\n\n\n\n<p class=\"has-text-align-left\">Fresh products require precise planning and reliable routes. Road optimizes routes so that delivery times remain short and goods arrive in top quality. Thanks to automatic address validation and the option of storing exact unloading points, pedestrian zones, deviating delivery locations or narrow access roads are reliably taken into account.<\/p>\n<\/div>\n<\/div>\n<\/div>\n<\/div>\n\n\n\n<div class=\"wp-block-group has-global-padding is-layout-constrained wp-block-group-is-layout-constrained\" style=\"margin-top:var(--wp--preset--spacing--70);margin-bottom:var(--wp--preset--spacing--70);padding-top:var(--wp--preset--spacing--50);padding-bottom:var(--wp--preset--spacing--50)\">\n<h3 class=\"wp-block-heading\" id=\"h-testen-sie-road-in-der-praxis\">Test Road in practice<\/h3>\n\n\n\n<p class=\"translation-block\">Experience how Road can improve your logistics and planning and how efficient planning does not burden low margins.<br>Request your personal demo version now and see for yourself.<\/p>\n\n\n\n<div class=\"wp-block-buttons is-layout-flex wp-container-core-buttons-is-layout-a53380d3 wp-block-buttons-is-layout-flex\">\n<div class=\"wp-block-button is-style-fill\"><a class=\"wp-block-button__link has-base-color has-light-green-cyan-to-vivid-green-cyan-gradient-background has-text-color has-background wp-element-button\" href=\"https:\/\/www.addhelix.com\/en\/road-demo-anfordern\/\" style=\"text-transform:uppercase\">Request addHelix Road Demo<\/a><\/div>\n<\/div>\n<\/div>\n\n\n\n<div class=\"wp-block-group alignfull has-base-color has-vivid-cyan-blue-to-vivid-purple-gradient-background has-text-color has-background is-layout-flow wp-block-group-is-layout-flow\" style=\"padding-top:var(--wp--preset--spacing--80);padding-bottom:var(--wp--preset--spacing--80)\">\n<div class=\"wp-block-group has-global-padding is-layout-constrained wp-container-core-group-is-layout-fac89d76 wp-block-group-is-layout-constrained\" style=\"padding-top:var(--wp--preset--spacing--80);padding-bottom:var(--wp--preset--spacing--80)\">\n<div class=\"wp-block-group has-global-padding is-layout-constrained wp-container-core-group-is-layout-19e250f3 wp-block-group-is-layout-constrained\">\n<h2 class=\"wp-block-heading has-text-align-center has-xx-large-font-size\" id=\"h-addhelix-fur-die-tourenplanung-fur-frische-waren\">addHelix for route planning for fresh goods<\/h2>\n<\/div>\n\n\n\n<div class=\"wp-block-columns is-layout-flex wp-container-core-columns-is-layout-28f84493 wp-block-columns-is-layout-flex\">\n<div class=\"wp-block-column is-layout-flow wp-block-column-is-layout-flow\">\n<h3 class=\"wp-block-heading\" id=\"h-ihre-herausforderungen\">Your challenges<\/h3>\n\n\n\n<p>In food and beverage logistics <strong>tight delivery windows, orders at short notice, seasonal fluctuations<\/strong> and <strong>high service requirements<\/strong> of customers every day.<\/p>\n\n\n\n<p>At the same time, fleets must be deployed efficiently despite driver shortages, while the return of empties and consignment goods causes additional planning effort.<\/p>\n<\/div>\n\n\n\n<div class=\"wp-block-column is-layout-flow wp-block-column-is-layout-flow\">\n<h3 class=\"wp-block-heading\" id=\"h-das-ziel\">The goal<\/h3>\n\n\n\n<p>What companies want is a simple, reliable and at the same time <strong>flexible solution that keeps an eye on all processes<\/strong> - from the planning of complex time windows to the execution of small and large deliveries.<\/p>\n\n\n\n<p>A solution is needed that reliably meets delivery times, avoids empty runs and automatically schedules the collection of returnable goods.<\/p>\n<\/div>\n\n\n\n<div class=\"wp-block-column is-layout-flow wp-block-column-is-layout-flow\">\n<h3 class=\"wp-block-heading\" id=\"h-unsere-losung\">Our solution<\/h3>\n\n\n\n<p>With Road, this scenario becomes reality: the web-based route planning software automatically optimizes routes, takes into account <strong>time windows and vehicle profiles<\/strong> and provides real-time communication via app for <strong>transparency and flexibility<\/strong> - from the warehouse to the last mile.<\/p>\n\n\n\n<p>Time slots, service times and seasonal peaks are planned realistically and adapted flexibly to additional orders.<\/p>\n<\/div>\n<\/div>\n<\/div>\n<\/div>\n\n\n\n<div class=\"wp-block-columns are-vertically-aligned-center is-layout-flex wp-container-core-columns-is-layout-d2701c88 wp-block-columns-is-layout-flex\" style=\"margin-top:var(--wp--preset--spacing--80);margin-bottom:var(--wp--preset--spacing--80)\">\n<div class=\"wp-block-column is-vertically-aligned-center is-layout-flow wp-block-column-is-layout-flow\">\n<figure class=\"wp-block-image aligncenter size-full is-resized has-custom-border\" style=\"margin-top:var(--wp--preset--spacing--40);margin-right:var(--wp--preset--spacing--70);margin-bottom:var(--wp--preset--spacing--40);margin-left:var(--wp--preset--spacing--70)\"><img loading=\"lazy\" decoding=\"async\" width=\"431\" height=\"888\" src=\"https:\/\/www.addhelix.com\/wp-content\/uploads\/2025\/10\/Group-20.png\" alt=\"\" class=\"wp-image-4874\" style=\"border-radius:1rem;width:auto;height:500px\" srcset=\"https:\/\/www.addhelix.com\/wp-content\/uploads\/2025\/10\/Group-20.png 431w, https:\/\/www.addhelix.com\/wp-content\/uploads\/2025\/10\/Group-20-146x300.png 146w, https:\/\/www.addhelix.com\/wp-content\/uploads\/2025\/10\/Group-20-6x12.png 6w\" sizes=\"auto, (max-width: 431px) 100vw, 431px\" \/><\/figure>\n<\/div>\n\n\n\n<div class=\"wp-block-column is-vertically-aligned-center is-layout-flow wp-block-column-is-layout-flow\">\n<h3 class=\"wp-block-heading\" id=\"h-das-kann-addhelix-road\">What addHelix Road can do<\/h3>\n\n\n\n<p>\u2713 Scheduling of complex time windows &amp; orders at short notice<\/p>\n\n\n\n<p>\u2713 Analysis of transport volumes, vehicle availability and routes for more capacity utilization<\/p>\n\n\n\n<p>\u2713 Overview thanks to live tracking, ETA forecasting and central cloud application<\/p>\n\n\n\n<p>\u2713 Reduction of CO\u2082 emissions according to certified methodology<\/p>\n\n\n\n<p>\u2713 Efficient deployment planning for drivers with app<\/p>\n\n\n\n<p>\u2713 Automatic address validation and precise charging point management<\/p>\n<\/div>\n<\/div>\n\n\n\n<div class=\"wp-block-group alignfull has-base-color has-custom-call-2-action-gradient-background has-text-color has-background has-global-padding is-layout-constrained wp-container-core-group-is-layout-a47e864c wp-block-group-is-layout-constrained\" style=\"padding-top:var(--wp--preset--spacing--80);padding-right:var(--wp--preset--spacing--50);padding-bottom:var(--wp--preset--spacing--80);padding-left:var(--wp--preset--spacing--50)\">\n<div class=\"wp-block-group has-global-padding is-layout-constrained wp-container-core-group-is-layout-fac89d76 wp-block-group-is-layout-constrained\" style=\"padding-top:var(--wp--preset--spacing--80);padding-bottom:var(--wp--preset--spacing--80)\">\n<div class=\"wp-block-group has-global-padding is-layout-constrained wp-container-core-group-is-layout-5a30f31b wp-block-group-is-layout-constrained\">\n<h2 class=\"wp-block-heading\" id=\"h-bereit-fur-eine-effizientere-getranke-und-lebensmittellogistik\">Ready for more efficient food and beverage logistics?<\/h2>\n\n\n\n<p>Try the addHelix web services today and optimize your route and frame tour planning!<\/p>\n<\/div>\n\n\n\n<div class=\"wp-block-buttons is-layout-flex wp-block-buttons-is-layout-flex\">\n<div class=\"wp-block-button is-style-fill\"><a class=\"wp-block-button__link has-secondary-color has-white-background-color has-text-color has-background wp-element-button\" href=\"https:\/\/www.addhelix.com\/en\/kontakt\/\" style=\"text-transform:uppercase\">Get in touch with us!<\/a><\/div>\n<\/div>\n<\/div>\n<\/div>","protected":false},"excerpt":{"rendered":"<p>In der Lebensmittel- und Getr\u00e4nkelogistik z\u00e4hlt jede Minute. Eng getaktete Lieferfenster, saisonale Auftragsspitzen, R\u00fcckholung von Leergut und der steigende Kostendruck machen pr\u00e4zise Planung unverzichtbar. Mit Road, der webbasierten Tourenplanungssoftware von addHelix \u2013 einer Marke von Axians ICT Austria \u2013 steuern Sie Ihre Logistikprozesse mit Prozess-Effizienz und ohne L\u00fccken in der K\u00fchlkette. Eine falsche Adresse oder [&hellip;]<\/p>\n","protected":false},"author":2,"featured_media":1366,"parent":0,"menu_order":0,"comment_status":"closed","ping_status":"closed","template":"","meta":{"_acf_changed":false,"content-type":"","inline_featured_image":false,"footnotes":""},"class_list":["post-4846","page","type-page","status-publish","has-post-thumbnail","hentry"],"acf":[],"_links":{"self":[{"href":"https:\/\/www.addhelix.com\/en\/wp-json\/wp\/v2\/pages\/4846","targetHints":{"allow":["GET"]}}],"collection":[{"href":"https:\/\/www.addhelix.com\/en\/wp-json\/wp\/v2\/pages"}],"about":[{"href":"https:\/\/www.addhelix.com\/en\/wp-json\/wp\/v2\/types\/page"}],"author":[{"embeddable":true,"href":"https:\/\/www.addhelix.com\/en\/wp-json\/wp\/v2\/users\/2"}],"replies":[{"embeddable":true,"href":"https:\/\/www.addhelix.com\/en\/wp-json\/wp\/v2\/comments?post=4846"}],"version-history":[{"count":12,"href":"https:\/\/www.addhelix.com\/en\/wp-json\/wp\/v2\/pages\/4846\/revisions"}],"predecessor-version":[{"id":4884,"href":"https:\/\/www.addhelix.com\/en\/wp-json\/wp\/v2\/pages\/4846\/revisions\/4884"}],"wp:featuredmedia":[{"embeddable":true,"href":"https:\/\/www.addhelix.com\/en\/wp-json\/wp\/v2\/media\/1366"}],"wp:attachment":[{"href":"https:\/\/www.addhelix.com\/en\/wp-json\/wp\/v2\/media?parent=4846"}],"curies":[{"name":"wp","href":"https:\/\/api.w.org\/{rel}","templated":true}]}}