{"id":604,"date":"2023-09-07T07:39:37","date_gmt":"2023-09-07T07:39:37","guid":{"rendered":"http:\/\/wordpress.p646551.webspaceconfig.de\/?page_id=604"},"modified":"2026-03-04T13:56:43","modified_gmt":"2026-03-04T13:56:43","slug":"logistik","status":"publish","type":"page","link":"https:\/\/www.addhelix.com\/en\/logistik\/","title":{"rendered":"For the logistics of small and large"},"content":{"rendered":"<div class=\"wp-block-cover alignfull\" style=\"min-height:25vw;aspect-ratio:unset;\"><span aria-hidden=\"true\" class=\"wp-block-cover__background has-contrast-background-color has-background-dim-30 has-background-dim\"><\/span><img loading=\"lazy\" decoding=\"async\" width=\"2560\" height=\"1440\" src=\"https:\/\/www.addhelix.com\/wp-content\/uploads\/2023\/09\/AdobeStock_465500974-scaled.jpeg\" class=\"wp-block-cover__image-background wp-post-image\" alt=\"\" data-object-fit=\"cover\" data-object-position=\"53% 33%\" style=\"object-position:53% 33%;\" srcset=\"https:\/\/www.addhelix.com\/wp-content\/uploads\/2023\/09\/AdobeStock_465500974-scaled.jpeg 2560w, https:\/\/www.addhelix.com\/wp-content\/uploads\/2023\/09\/AdobeStock_465500974-300x169.jpeg 300w, https:\/\/www.addhelix.com\/wp-content\/uploads\/2023\/09\/AdobeStock_465500974-1024x576.jpeg 1024w, https:\/\/www.addhelix.com\/wp-content\/uploads\/2023\/09\/AdobeStock_465500974-768x432.jpeg 768w, https:\/\/www.addhelix.com\/wp-content\/uploads\/2023\/09\/AdobeStock_465500974-1536x864.jpeg 1536w, https:\/\/www.addhelix.com\/wp-content\/uploads\/2023\/09\/AdobeStock_465500974-2048x1152.jpeg 2048w\" sizes=\"auto, (max-width: 2560px) 100vw, 2560px\" \/><div class=\"wp-block-cover__inner-container is-layout-flow wp-block-cover-is-layout-flow\"><h1 class=\"has-text-align-center wp-block-post-title\">For the logistics of small and large<\/h1><\/div><\/div>\n\n\n\n<div class=\"wp-block-columns has-large-font-size is-layout-flex wp-container-core-columns-is-layout-f24b2f23 wp-block-columns-is-layout-flex\" style=\"padding-top:var(--wp--preset--spacing--80);padding-bottom:var(--wp--preset--spacing--80)\">\n<div class=\"wp-block-column is-layout-flow wp-block-column-is-layout-flow\">\n<p>Optimize your logistics chains with the web services of addHelix - your solution for efficient route planning and route optimization from Axians ICT Austria.<\/p>\n\n\n\n<p>Today's logistics world is characterized by a multitude of complex challenges, from the volatility of demand to meeting delivery deadlines and minimizing costs. <\/p>\n<\/div>\n\n\n\n<div class=\"wp-block-column is-layout-flow wp-block-column-is-layout-flow\">\n<p>Traffic conditions, roadworks and opening hours are just some of the many factors that need to be taken into account in efficient logistics planning.<\/p>\n\n\n\n<p>addHelix therefore uses real-time data, AI-based forecasts and complex algorithms to overcome these challenges and avoid delays.<\/p>\n<\/div>\n<\/div>\n\n\n\n<div class=\"wp-block-group alignfull has-base-color has-vivid-cyan-blue-to-vivid-purple-gradient-background has-text-color has-background is-layout-flow wp-block-group-is-layout-flow\" style=\"padding-top:var(--wp--preset--spacing--80);padding-bottom:var(--wp--preset--spacing--80)\">\n<div class=\"wp-block-group has-global-padding is-layout-constrained wp-container-core-group-is-layout-fac89d76 wp-block-group-is-layout-constrained\" style=\"padding-top:var(--wp--preset--spacing--80);padding-bottom:var(--wp--preset--spacing--80)\">\n<div class=\"wp-block-group has-global-padding is-layout-constrained wp-container-core-group-is-layout-19e250f3 wp-block-group-is-layout-constrained\">\n<h2 class=\"wp-block-heading has-text-align-center has-xx-large-font-size\" id=\"h-addhelix-fur-strategische-logistik\">addHelix for strategic logistics<\/h2>\n<\/div>\n\n\n\n<div class=\"wp-block-columns is-layout-flex wp-container-core-columns-is-layout-28f84493 wp-block-columns-is-layout-flex\">\n<div class=\"wp-block-column is-layout-flow wp-block-column-is-layout-flow\">\n<p>In a world where requirements are constantly changing, a quick response is crucial. <\/p>\n\n\n\n<p>addHelix enables you to react flexibly to unforeseeable events while ensuring that your routes can be planned - from small delivery vans to large trucks. Our web-based services optimize logistics for every type of vehicle.<\/p>\n<\/div>\n\n\n\n<div class=\"wp-block-column is-layout-flow wp-block-column-is-layout-flow\">\n<p>The services are very simple: decide which solutions are of interest to your company and the web-based systems can be accessed online from any end device.<\/p>\n\n\n\n<p>Manage vehicles, plan routes and tours with integrated address verification and optimize logistics with accurate traffic forecasting, AI-based weather forecast and reliable ETA.<\/p>\n<\/div>\n\n\n\n<div class=\"wp-block-column is-layout-flow wp-block-column-is-layout-flow\">\n<p>You no longer have to worry about tolls, border crossings or the current traffic situation.<\/p>\n\n\n\n<p>Thanks to the IT power of Axians ICT Austria and our ECO partners, you have access to an extensive database, comprehensive knowledge and state-of-the-art technology. Our solutions are easy to use, yet extremely powerful in the background.<\/p>\n<\/div>\n<\/div>\n\n\n\n<div class=\"wp-block-buttons is-layout-flex wp-block-buttons-is-layout-flex\">\n<div class=\"wp-block-button is-style-fill\"><a class=\"wp-block-button__link has-primary-color has-base-background-color has-text-color has-background wp-element-button\" href=\"https:\/\/www.addhelix.com\/en\/kontakt\/\" style=\"text-transform:uppercase\">Contact us!<\/a><\/div>\n<\/div>\n<\/div>\n<\/div>\n\n\n\n<div class=\"wp-block-cover alignfull is-light has-parallax has-white-color has-text-color\" style=\"margin-top:0;margin-bottom:0;min-height:50vh;aspect-ratio:unset;\"><div class=\"wp-block-cover__image-background wp-image-1359 has-parallax\" style=\"background-position:50% 50%;background-image:url(https:\/\/www.addhelix.com\/wp-content\/uploads\/2023\/09\/RoadRunner-addHelix-Fuhrparkmanagement-Routenplaner-Hersteller-Industrie.jpg)\"><\/div><span aria-hidden=\"true\" class=\"wp-block-cover__background has-background-dim\"><\/span><div class=\"wp-block-cover__inner-container is-layout-flow wp-block-cover-is-layout-flow\">\n<p class=\"has-text-align-center has-large-font-size\"><\/p>\n<\/div><\/div>\n\n\n\n<div class=\"wp-block-group alignfull has-global-padding is-layout-constrained wp-container-core-group-is-layout-51f92bee wp-block-group-is-layout-constrained has-background\" style=\"margin-top:var(--wp--preset--spacing--80);margin-bottom:var(--wp--preset--spacing--80);padding-top:var(--wp--preset--spacing--80);padding-bottom:var(--wp--preset--spacing--80);background-image:url(&apos;https:\/\/www.addhelix.com\/wp-content\/uploads\/2024\/08\/Helix.png&apos;);background-position:0% 50%;background-repeat:no-repeat;background-size:contain;\">\n<div class=\"wp-block-group has-global-padding is-layout-constrained wp-block-group-is-layout-constrained\">\n<h2 class=\"wp-block-heading has-text-align-center\" id=\"h-warum-addhelix-fur-ihr-transportwesen\" style=\"margin-top:0;margin-bottom:0\">Why addHelix for your transportation?<\/h2>\n<\/div>\n\n\n\n<div class=\"wp-block-columns is-layout-flex wp-container-core-columns-is-layout-28f84493 wp-block-columns-is-layout-flex\">\n<div class=\"wp-block-column is-layout-flow wp-block-column-is-layout-flow\" style=\"padding-top:var(--wp--preset--spacing--80);padding-right:var(--wp--preset--spacing--30);padding-bottom:var(--wp--preset--spacing--80);padding-left:var(--wp--preset--spacing--30)\">\n<div class=\"wp-block-group has-global-padding is-layout-constrained wp-container-core-group-is-layout-639b5052 wp-block-group-is-layout-constrained\" style=\"min-height:100%;padding-top:0;padding-right:0;padding-bottom:0;padding-left:0\">\n<h3 class=\"wp-block-heading has-text-align-left has-large-font-size\" id=\"h-die-komplexitat-in-der-logistik-meistern\" style=\"line-height:1.1\"><strong><strong><strong><strong><strong>Mastering the complexity of logistics<\/strong><\/strong><\/strong><\/strong><\/strong><\/h3>\n\n\n\n<p class=\"has-text-align-left\">Today's supply chains are more complex than ever, with many players that need to work together smoothly. <\/p>\n\n\n\n<p class=\"has-text-align-left\">The solutions from addHelix help you to master this complexity so that you can plan and optimize routes and tours effortlessly.<\/p>\n<\/div>\n<\/div>\n\n\n\n<div class=\"wp-block-column is-layout-flow wp-block-column-is-layout-flow\" style=\"padding-top:var(--wp--preset--spacing--80);padding-right:var(--wp--preset--spacing--30);padding-bottom:var(--wp--preset--spacing--80);padding-left:var(--wp--preset--spacing--30)\">\n<div class=\"wp-block-group has-global-padding is-layout-constrained wp-container-core-group-is-layout-639b5052 wp-block-group-is-layout-constrained\" style=\"min-height:100%;padding-top:0;padding-right:0;padding-bottom:0;padding-left:0\">\n<h3 class=\"wp-block-heading has-text-align-left has-large-font-size\" id=\"h-mit-verkehr-verzogerungen-und-umwelteinflussen-umgehen\" style=\"line-height:1.1\">Dealing with traffic, delays and environmental influences<\/h3>\n\n\n\n<p class=\"has-text-align-left\">Traffic conditions, roadworks and opening times must be taken into account when planning an exact route. <\/p>\n\n\n\n<p class=\"has-text-align-left\">addHelix checks the address quality and uses real-time data to plan the exact arrival time.<\/p>\n<\/div>\n<\/div>\n\n\n\n<div class=\"wp-block-column is-layout-flow wp-block-column-is-layout-flow\" style=\"padding-top:var(--wp--preset--spacing--80);padding-right:var(--wp--preset--spacing--30);padding-bottom:var(--wp--preset--spacing--80);padding-left:var(--wp--preset--spacing--30)\">\n<div class=\"wp-block-group has-global-padding is-layout-constrained wp-container-core-group-is-layout-639b5052 wp-block-group-is-layout-constrained\" style=\"min-height:100%;padding-top:0;padding-right:0;padding-bottom:0;padding-left:0\">\n<h3 class=\"wp-block-heading has-text-align-left has-large-font-size\" id=\"h-kosten-senken-und-umwelt-schutzen\" style=\"line-height:1.1\"><strong><strong><strong><strong><strong><strong><strong>Reduce costs and protect the environment<\/strong><\/strong><\/strong><\/strong><\/strong><\/strong><\/strong><\/h3>\n\n\n\n<p class=\"has-text-align-left\">Planning and fuel costs are important expense items for logistics companies. <\/p>\n\n\n\n<p class=\"has-text-align-left translation-block\">addHelix helps you to minimize costs and reduce CO<sub>2<\/sub> emissions by optimizing vehicle utilization and route planning.<\/p>\n<\/div>\n<\/div>\n<\/div>\n<\/div>\n\n\n\n<div class=\"wp-block-group alignfull has-base-color has-custom-call-2-action-gradient-background has-text-color has-background has-global-padding is-layout-constrained wp-container-core-group-is-layout-a47e864c wp-block-group-is-layout-constrained\" style=\"padding-top:var(--wp--preset--spacing--80);padding-right:var(--wp--preset--spacing--50);padding-bottom:var(--wp--preset--spacing--80);padding-left:var(--wp--preset--spacing--50)\">\n<div class=\"wp-block-group has-global-padding is-layout-constrained wp-container-core-group-is-layout-fac89d76 wp-block-group-is-layout-constrained\" style=\"padding-top:var(--wp--preset--spacing--80);padding-bottom:var(--wp--preset--spacing--80)\">\n<div class=\"wp-block-group has-global-padding is-layout-constrained wp-container-core-group-is-layout-5a30f31b wp-block-group-is-layout-constrained\">\n<h2 class=\"wp-block-heading\" id=\"h-bereit-fur-eine-optimale-tourenplanung-fur-ihr-transportunternehmen\">Ready for optimal route planning for your transport company?<\/h2>\n\n\n\n<p>Optimize your logistics today with addHelix and increase efficiency.<\/p>\n<\/div>\n\n\n\n<div class=\"wp-block-buttons is-layout-flex wp-block-buttons-is-layout-flex\">\n<div class=\"wp-block-button is-style-fill\"><a class=\"wp-block-button__link has-secondary-color has-white-background-color has-text-color has-background wp-element-button\" href=\"https:\/\/www.addhelix.com\/en\/kontakt\/\" style=\"text-transform:uppercase\">Contact us!<\/a><\/div>\n<\/div>\n<\/div>\n<\/div>","protected":false},"excerpt":{"rendered":"<p>Optimieren Sie Ihre Logistikketten mit den Webservices von addHelix \u2013 Ihre L\u00f6sung f\u00fcr effiziente Tourenplanung und Routenoptimierung von Axians ICT Austria. Die heutige Logistikwelt ist gepr\u00e4gt von einer Vielzahl komplexer Herausforderungen, angefangen bei der Volatilit\u00e4t der Nachfrage bis hin zur Einhaltung von Lieferfristen und der Minimierung der Kosten. Verkehrslage, Baustellen und \u00d6ffnungszeiten sind nur einige [&hellip;]<\/p>\n","protected":false},"author":1,"featured_media":816,"parent":0,"menu_order":0,"comment_status":"closed","ping_status":"closed","template":"","meta":{"_acf_changed":false,"content-type":"","inline_featured_image":false,"footnotes":""},"class_list":["post-604","page","type-page","status-publish","has-post-thumbnail","hentry"],"acf":[],"_links":{"self":[{"href":"https:\/\/www.addhelix.com\/en\/wp-json\/wp\/v2\/pages\/604","targetHints":{"allow":["GET"]}}],"collection":[{"href":"https:\/\/www.addhelix.com\/en\/wp-json\/wp\/v2\/pages"}],"about":[{"href":"https:\/\/www.addhelix.com\/en\/wp-json\/wp\/v2\/types\/page"}],"author":[{"embeddable":true,"href":"https:\/\/www.addhelix.com\/en\/wp-json\/wp\/v2\/users\/1"}],"replies":[{"embeddable":true,"href":"https:\/\/www.addhelix.com\/en\/wp-json\/wp\/v2\/comments?post=604"}],"version-history":[{"count":24,"href":"https:\/\/www.addhelix.com\/en\/wp-json\/wp\/v2\/pages\/604\/revisions"}],"predecessor-version":[{"id":5089,"href":"https:\/\/www.addhelix.com\/en\/wp-json\/wp\/v2\/pages\/604\/revisions\/5089"}],"wp:featuredmedia":[{"embeddable":true,"href":"https:\/\/www.addhelix.com\/en\/wp-json\/wp\/v2\/media\/816"}],"wp:attachment":[{"href":"https:\/\/www.addhelix.com\/en\/wp-json\/wp\/v2\/media?parent=604"}],"curies":[{"name":"wp","href":"https:\/\/api.w.org\/{rel}","templated":true}]}}